{"id":52,"date":"2021-03-31T18:05:23","date_gmt":"2021-03-31T15:05:23","guid":{"rendered":"https:\/\/sanataideyhdistysrapina.com\/kirjametsa\/?page_id=52"},"modified":"2023-01-17T20:57:17","modified_gmt":"2023-01-17T18:57:17","slug":"varaa-tyopaja","status":"publish","type":"page","link":"https:\/\/sanataideyhdistysrapina.com\/kirjametsa\/varaa-tyopaja\/","title":{"rendered":"Varaa ty\u00f6paja"},"content":{"rendered":"<p><strong>N\u00e4yttely ja projekti on p\u00e4\u00e4ttynyt, ty\u00f6pajoja ei voi en\u00e4\u00e4 varata. Voit kuitenkin tilata <a href=\"https:\/\/sanataideyhdistysrapina.com\/tarjonta\/\">Sanataideyhdistys Rapinalta<\/a> ohjausta.<\/strong><\/p>\n<p>Keski-Suomen sanataideyhdistys Rapina ry j\u00e4rjest\u00e4\u00e4 ty\u00f6pajoja p\u00e4iv\u00e4koti- ja kouluryhmille sek\u00e4 Kirjamets\u00e4-n\u00e4yttelyss\u00e4 ett\u00e4 p\u00e4iv\u00e4kodeilla ja kouluilla Keski-Suomessa. Sanataidety\u00f6pajan voi varata ilmaiseksi. Ty\u00f6pajat rahoitetaan Alfred Kordelinin s\u00e4\u00e4ti\u00f6n apurahalla.<\/p>\n<h2><span style=\"font-weight: 400;\">Ty\u00f6pajat Kirjamets\u00e4-n\u00e4yttelyss\u00e4<\/span><\/h2>\n<p>Haluatko tulla p\u00e4iv\u00e4kotiryhm\u00e4si tai luokkasi kanssa vierailemaan Kirjamets\u00e4-n\u00e4yttelyss\u00e4? Sanataideohjaajamme johdattavat teid\u00e4t mieluusti taianomaiselle seikkailulle Kirjamets\u00e4n uumeniin! Ty\u00f6pajoja on tarjolla kuudelle eri ik\u00e4ryhm\u00e4lle.<\/p>\n<p>Ilmaisia pajoja on rajoitettu m\u00e4\u00e4r\u00e4 ja niit\u00e4 voi varata 16.8.2021 alkaen. <span style=\"font-weight: 400;\">Pajat varataan <a href=\"https:\/\/kirjametsa.setmore.com\/\" target=\"_blank\" rel=\"noopener\">Setmore-j\u00e4rjestelm\u00e4n kautta<\/a>. Varauksen vahvistaminen tapahtuu joko Facebook-, Google- tai Setmore-tunnuksilla. Kun olet varannut pajan, ohjaaja on sinuun s\u00e4hk\u00f6postitse yhteydess\u00e4 ja vahvistaa vierailun yksityiskohdat. <strong>Huom! Keuruun ty\u00f6pajat organisoi Keuruun kirjasto! Lue lis\u00e4\u00e4 alta!<\/strong><\/span><\/p>\n<ul>\n<li>N\u00e4yttely on n\u00e4ht\u00e4viss\u00e4 Jyv\u00e4skyl\u00e4ss\u00e4 30.10.2021 saakka, mink\u00e4 j\u00e4lkeen n\u00e4yttely kiert\u00e4\u00e4 Keuruulla, Muuramessa ja J\u00e4ms\u00e4ss\u00e4.<\/li>\n<li>N\u00e4yttelyty\u00f6pajoja on tarjolla p\u00e4\u00e4s\u00e4\u00e4nt\u00f6isesti tiistaisin ja keskiviikkoisin viikoilla 36<span style=\"font-weight: 400;\">\u201337 ja 40\u201341.\u00a0<\/span><\/li>\n<li>Varausj\u00e4rjestelm\u00e4ss\u00e4 on tarjolla enemm\u00e4n aikoja kuin pajoja voidaan j\u00e4rjest\u00e4\u00e4. Kun rajoitettu m\u00e4\u00e4r\u00e4 tulee t\u00e4yteen, poistamme ylim\u00e4\u00e4r\u00e4iset ajat varausj\u00e4rjestelm\u00e4st\u00e4. Ty\u00f6pajat tulee varata viimeist\u00e4\u00e4n pajaa edelt\u00e4v\u00e4n\u00e4 perjantana.<\/li>\n<li>Jos varausj\u00e4rjestelm\u00e4 ei n\u00e4yt\u00e4 yht\u00e4\u00e4n vapaata ohjausaikaa tietylle ohjaajalle, peruuta ja valitse toinen ohjaaja. Johanna H. ja Mari H. ohjaavat p\u00e4iv\u00e4kotiryhmi\u00e4, kaikki ohjaajat ohjaavat alakouluryhmi\u00e4, Mari H. ja Vilma T. ohjaavat yl\u00e4kouluryhmi\u00e4<\/li>\n<li>HUOM! Ajanvarausj\u00e4rjestelm\u00e4 voi toimia hieman j\u00e4hme\u00e4sti. P\u00e4iv\u00e4m\u00e4\u00e4r\u00e4 muuttuu punaiseksi, jos kyseisell\u00e4 p\u00e4iv\u00e4yksell\u00e4 ei ole vapaita aikoja kyseiselle ohjaajalle.<\/li>\n<li>Pid\u00e4t\u00e4mme oikeuden muutoksiin.<\/li>\n<li>Ty\u00f6paja on peruttava viimeist\u00e4\u00e4n 2 ty\u00f6p\u00e4iv\u00e4\u00e4 ennen ty\u00f6pajan ajankohtaa. Perumisen voi tehd\u00e4 Setmore-j\u00e4rjestelm\u00e4n s\u00e4hk\u00f6postiisi l\u00e4hett\u00e4m\u00e4n linkin kautta. <strong>Jos koronatilanteen takia joudut perumaan pajan lyhyemm\u00e4ll\u00e4 aikav\u00e4lill\u00e4, laita viesti\u00e4 s\u00e4hk\u00f6postitse sanataideyhdistys.rapina(at)gmail.com tai suoraan pajan ohjaajalle!\u00a0<\/strong><\/li>\n<li>Noudatamme kulloinkin voimassa olevia koronasuosituksia ja -rajoituksia, mik\u00e4 saattaa aiheuttaa muutoksia pajojen toteutukseen ja aikatauluihin.<\/li>\n<li><a href=\"https:\/\/kirjametsa.setmore.com\/\" target=\"_blank\" rel=\"noopener\">P\u00e4\u00e4set varaamaan ty\u00f6pajan t\u00e4\u00e4ll\u00e4.<\/a><\/li>\n<\/ul>\n<blockquote>\n<h3>Ty\u00f6pajat Keuruun kirjastolla<\/h3>\n<p>Keuruun sanataidety\u00f6pajojen varaukset organisoi Keuruun kirjasto. Pajoja on tarjolla ensisijaisesti esikoululaisille ja 8.-luokkalaisille. Ne j\u00e4rjestet\u00e4\u00e4n viikoilla 46\u201350. Jos haluat tehd\u00e4 ryhm\u00e4llesi varauksen, ota yhteytt\u00e4 Keuruun kirjastoon: kirjasto(at)keuruu.fi, p. 0400 168 415.<\/p><\/blockquote>\n<h3><span style=\"font-weight: 400;\">Siilin satumets\u00e4, sanataidepaja 2\u20134-vuotiaille<\/span><\/h3>\n<p><span style=\"font-weight: 400;\">Satumets\u00e4ss\u00e4 asuu ujo siili, joka rakastaa runoja. T\u00e4ss\u00e4 kaikkein pienimmille suunnatussa lapsentahtisessa ty\u00f6pajassa tutustutaan siiliin, loruleikit\u00e4\u00e4n mets\u00e4riimien tahdissa ja tutustutaan mets\u00e4st\u00e4 l\u00f6ytyviin koteihin. Kotiinviemisiksi syntyy ryhm\u00e4n yhteinen, ikioma runo. <\/span><span style=\"font-weight: 400;\"><strong>Ty\u00f6pajan kesto:<\/strong> 30 minuuttia.<\/span><\/p>\n<h3><span style=\"font-weight: 400;\">Retkell\u00e4 satumets\u00e4ss\u00e4, sanataidepaja 3\u20135-vuotiaille<\/span><\/h3>\n<p><span style=\"font-weight: 400;\">Oletko koskaan k\u00e4ynyt retkell\u00e4? T\u00e4ss\u00e4 reippaassa retkipajassa pakataan runoreppu selk\u00e4\u00e4n ja suunnataan mets\u00e4seikkailuun. Mets\u00e4 surisee ja sirkuttaa \u2013\u00a0mit\u00e4h\u00e4n kaikkea siell\u00e4 asuukaan? Ent\u00e4 tiesitk\u00f6, ett\u00e4 puilla on supervoimia? <\/span><span style=\"font-weight: 400;\"><strong>Ty\u00f6pajan kesto:<\/strong> 30<\/span><span style=\"font-weight: 400;\">\u2013<\/span><span style=\"font-weight: 400;\">45 minuuttia (sovittavissa ryhm\u00e4n mukaan)<\/span><\/p>\n<h3><span style=\"font-weight: 400;\">Lumouksen poluilla, sanataidepaja 4\u20136-vuotiaille<\/span><\/h3>\n<p>Kuinka mets\u00e4\u00e4n eksyt\u00e4\u00e4n? Ent\u00e4 mit\u00e4 l\u00f6ytyy, kun satusilm\u00e4t avoimina poiketaan tutuilta poluilta? Tietysti kaikki se, mit\u00e4 muuten ei mets\u00e4ss\u00e4 n\u00e4e: keijukaiset ja k\u00e4\u00e4pi\u00f6t, satuja kehr\u00e4\u00e4v\u00e4t kukkaset ja orvokkilinnat! Milt\u00e4 n\u00e4ytt\u00e4\u00e4 lumolinnan mailla ja millaisista aineksista koostuu juuri sinua varten ter\u00e4lehtien suojissa kasvanut satu? <strong>Ty\u00f6pajan kesto:<\/strong> 30<span style=\"font-weight: 400;\">\u201345 minuuttia (sovittavissa ryhm\u00e4n mukaan)<\/span><\/p>\n<h3><span style=\"font-weight: 400;\">Taikakasveja tutkimaan (3. lk)<\/span><\/h3>\n<p><span style=\"font-weight: 400;\">Taikamets\u00e4 kukkii ja vihert\u00e4\u00e4 toinen toistaan ihmeellisempi\u00e4 kasveja. Luokkanne p\u00e4\u00e4see auttamaan tutkimusryhm\u00e4\u00e4 mets\u00e4n kasvien kartoittamisessa. Millaisia kasviharvinaisuuksia mets\u00e4st\u00e4 l\u00f6ytyyk\u00e4\u00e4n? Kasvil\u00f6yt\u00f6jen tekemisen lis\u00e4ksi pajassa tutustutaan mainokseen tekstilajina. Ty\u00f6pajan lopuksi ryhm\u00e4 saa mukaansa yhteisen taikakasvion, jonka voi vied\u00e4 muistoksi omaan kotiluokkaan. <strong>Ty\u00f6pajan kesto:<\/strong> 60 min.\u00a0<\/span><\/p>\n<h3><span style=\"font-weight: 400;\">Pelastusteht\u00e4v\u00e4 taikamets\u00e4ss\u00e4 (5. lk)<\/span><\/h3>\n<p><span style=\"font-weight: 400;\">Hyv\u00e4, ett\u00e4 l\u00f6ysitte paikalle! Joukko lapsia on joutunut mets\u00e4npeittoon. Teid\u00e4n teht\u00e4v\u00e4nne on auttaa etsiv\u00e4\u00e4 pelastamaan heid\u00e4t. Ty\u00f6pajassa etsit\u00e4\u00e4n taikaportti, jonka kautta mets\u00e4\u00e4n p\u00e4\u00e4see ja etsit\u00e4\u00e4n johtolankoja kadonneista sanataiteen keinoin. L\u00f6ydet\u00e4\u00e4nk\u00f6 kadonneet lopulta? <strong>Ty\u00f6pajan kesto:<\/strong> 60 min.\u00a0<\/span><\/p>\n<h3><span style=\"font-weight: 400;\">Eksyksiss\u00e4 mystisess\u00e4 mets\u00e4ss\u00e4 (8. lk)<\/span><\/h3>\n<p><span style=\"font-weight: 400;\">Tervetuloa vaellukselle mystiseen mets\u00e4\u00e4n, jossa myytit her\u00e4\u00e4v\u00e4t eloon! T\u00e4ss\u00e4 pajassa tutustutaan pintaa syvemm\u00e4lt\u00e4 mets\u00e4mytologian olentoihin ja kotimaisen kirjallisuuden metsik\u00f6ihin, viidakoitakaan unohtamatta. Mit\u00e4 tapahtuisi, jos puut valtaisivat jonkin sinulle tutun tilan tai jos muuttuisit itse ihmissudeksi? Osallistujat p\u00e4\u00e4sev\u00e4t kokemaan, millaisia uskomuksia entisajan ihmiset ovat liitt\u00e4neet meit\u00e4 yh\u00e4 ymp\u00e4r\u00f6iviin metsiin, ja saavat monipuolisia lukuvinkkej\u00e4 sarjakuvasta klassikkokirjallisuuteen. <\/span><span style=\"font-weight: 400;\"><strong>Ty\u00f6pajan kesto:<\/strong> 60 min.<\/span><\/p>\n<h2><span style=\"font-weight: 400;\">Ty\u00f6pajat p\u00e4iv\u00e4kodilla tai alakoululla<\/span><\/h2>\n<p><span style=\"font-weight: 400;\">Jos p\u00e4iv\u00e4kotiryhm\u00e4si tai luokkasi ei p\u00e4\u00e4se vierailemaan n\u00e4yttelyyn, sanataideohjaajamme tulee mieluusti vierailemaan teid\u00e4n luonanne! Voitte valita ryhm\u00e4llenne tai luokallenne sopivan ty\u00f6pajan viidest\u00e4 eri vaihtoehdosta.\u00a0<\/span><\/p>\n<p><span style=\"font-weight: 400;\">Ilmaisia pajoja on rajoitettu m\u00e4\u00e4r\u00e4 ja niit\u00e4 voi varata 16.8.2021 alkaen. Pajat varataan <a href=\"https:\/\/kirjametsamatka.setmore.com\/\" target=\"_blank\" rel=\"noopener\">Setmore-j\u00e4rjestelm\u00e4n kautta<\/a>. Varauksen vahvistaminen tapahtuu joko Facebook-, Google- tai Setmore-tunnuksilla. Kun olet varannut pajan, ohjaaja on sinuun s\u00e4hk\u00f6postitse yhteydess\u00e4 ja vahvistaa vierailun yksityiskohdat.\u00a0<\/span><\/p>\n<ul>\n<li>HUOM! Ty\u00f6pajat p\u00e4iv\u00e4kodilla ja alakouluilla on tarkoitettu ensisijaisesti sellaisissa ryhmille, joissa Kirjamets\u00e4-n\u00e4yttely ei kierr\u00e4 vuosien 2020 ja 2021 aikana ja jotka sijaitsevat kohtuullisen matkan p\u00e4\u00e4ss\u00e4 tukikohdastamme Jyv\u00e4skyl\u00e4st\u00e4. Saavumme ohjaamaan \u00c4\u00e4nekoskelle, Uuraisille, Hankasalmelle, Laukaaseen, Joutsaan ja Toivakkaan. Koulun tai p\u00e4iv\u00e4kotiryhm\u00e4n pit\u00e4\u00e4 olla saavutettavissa julkisilla liikennev\u00e4lineill\u00e4.<\/li>\n<li>P\u00e4iv\u00e4kodilla tai alakoululla pidett\u00e4vi\u00e4 pajoja on tilattava v\u00e4hint\u00e4\u00e4n KAKSI kappaletta samalle p\u00e4iv\u00e4kodille tai alakoululle. Pajat pidet\u00e4\u00e4n per\u00e4kk\u00e4in samana p\u00e4iv\u00e4n\u00e4.<\/li>\n<li>Ty\u00f6pajat tulee varata viimeist\u00e4\u00e4n pajaa edelt\u00e4v\u00e4n\u00e4 perjantana.<\/li>\n<li>Jos varausj\u00e4rjestelm\u00e4 ei n\u00e4yt\u00e4 yht\u00e4\u00e4n vapaata ohjausaikaa tietylle ohjaajalle, peruuta ja valitse toinen ohjaaja. Johanna H. ja Mari H. ohjaavat p\u00e4iv\u00e4kotiryhmi\u00e4, kaikki ohjaajat ohjaavat alakouluryhmi\u00e4<\/li>\n<li>HUOM! Ajanvarausj\u00e4rjestelm\u00e4 voi toimia hieman j\u00e4hme\u00e4sti. P\u00e4iv\u00e4m\u00e4\u00e4r\u00e4 muuttuu punaiseksi, jos kyseisell\u00e4 p\u00e4iv\u00e4yksell\u00e4 ei ole vapaita aikoja kyseiselle ohjaajalle.<\/li>\n<li>Pid\u00e4t\u00e4mme oikeuden muutoksiin.<\/li>\n<li>Ty\u00f6paja on peruttava viimeist\u00e4\u00e4n 2 ty\u00f6p\u00e4iv\u00e4\u00e4 ennen ty\u00f6pajan ajankohtaa. Perumisen voi tehd\u00e4 Setmore-j\u00e4rjestelm\u00e4n s\u00e4hk\u00f6postiisi l\u00e4hett\u00e4m\u00e4n linkin kautta. <strong>Jos koronatilanteen takia joudut perumaan pajan lyhyemm\u00e4ll\u00e4 aikav\u00e4lill\u00e4, laita viesti\u00e4 s\u00e4hk\u00f6postitse sanataideyhdistys.rapina(at)gmail.com tai suoraan pajan ohjaajalle!\u00a0<\/strong><\/li>\n<li>Noudatamme kulloinkin voimassa olevia koronasuosituksia ja -rajoituksia, mik\u00e4 saattaa aiheuttaa muutoksia pajojen toteutukseen ja aikatauluihin.<\/li>\n<li><a href=\"https:\/\/kirjametsamatka.setmore.com\/\" target=\"_blank\" rel=\"noopener\">P\u00e4\u00e4set varaamaan ty\u00f6pajan t\u00e4\u00e4lt\u00e4.<\/a><\/li>\n<\/ul>\n<h3><span style=\"font-weight: 400;\">Siilin satumets\u00e4, sanataidepaja 2\u20134-vuotiaille<\/span><\/h3>\n<p><span style=\"font-weight: 400;\">Satumets\u00e4ss\u00e4 asuu ujo siili, joka rakastaa runoja. T\u00e4ss\u00e4 kaikkein pienimmille suunnatussa lapsentahtisessa ty\u00f6pajassa tutustutaan siiliin, loruleikit\u00e4\u00e4n mets\u00e4riimien tahdissa ja tutustutaan mets\u00e4st\u00e4 l\u00f6ytyviin koteihin. Kotiinviemisiksi syntyy ryhm\u00e4n yhteinen, ikioma runo. <\/span><span style=\"font-weight: 400;\"><strong>Ty\u00f6pajan kesto:<\/strong> 30 minuuttia.<\/span><\/p>\n<h3><span style=\"font-weight: 400;\">Retkell\u00e4 satumets\u00e4ss\u00e4, sanataidepaja 3\u20135-vuotiaille<\/span><\/h3>\n<p><span style=\"font-weight: 400;\">Oletko koskaan k\u00e4ynyt retkell\u00e4? T\u00e4ss\u00e4 reippaassa retkipajassa pakataan runoreppu selk\u00e4\u00e4n ja suunnataan mets\u00e4seikkailuun. Mets\u00e4 surisee ja sirkuttaa \u2013\u00a0mit\u00e4h\u00e4n kaikkea siell\u00e4 asuukaan? Ent\u00e4 tiesitk\u00f6, ett\u00e4 puilla on supervoimia? <\/span><span style=\"font-weight: 400;\"><strong>Ty\u00f6pajan kesto:<\/strong> 30<\/span><span style=\"font-weight: 400;\">\u2013<\/span><span style=\"font-weight: 400;\">45 minuuttia (sovittavissa ryhm\u00e4n mukaan)<\/span><\/p>\n<h3><span style=\"font-weight: 400;\">Lumouksen poluilla, sanataidepaja 4\u20136-vuotiaille<\/span><\/h3>\n<p>Kuinka mets\u00e4\u00e4n eksyt\u00e4\u00e4n? Ent\u00e4 mit\u00e4 l\u00f6ytyy, kun satusilm\u00e4t avoimina poiketaan tutuilta poluilta? Tietysti kaikki se, mit\u00e4 muuten ei mets\u00e4ss\u00e4 n\u00e4e: keijukaiset ja k\u00e4\u00e4pi\u00f6t, satuja kehr\u00e4\u00e4v\u00e4t kukkaset ja orvokkilinnat! Milt\u00e4 n\u00e4ytt\u00e4\u00e4 lumolinnan mailla ja millaisista aineksista koostuu juuri sinua varten ter\u00e4lehtien suojissa kasvanut satu? <strong>Ty\u00f6pajan kesto:<\/strong> 30<span style=\"font-weight: 400;\">\u201345 minuuttia (sovittavissa ryhm\u00e4n mukaan)<\/span><\/p>\n<h3><span style=\"font-weight: 400;\">Taikamets\u00e4n olennot (2 lk.)<\/span><\/h3>\n<p><span style=\"font-weight: 400;\">Kyl\u00e4\u00e4n saapuu ihka oikea pikkuruinen haltija taikamets\u00e4st\u00e4 ja johdattaa oppilaat keksim\u00e4\u00e4n omia satuolentojaan. Millaisia muita haltijoita tai olentoja taikamets\u00e4st\u00e4 l\u00f6ytyy? Mit\u00e4 he tekev\u00e4t taikamets\u00e4ss\u00e4? Ent\u00e4 mit\u00e4 tapahtuisi, jos olennot muuttaisivat asumaan tavalliseen suomalaiseen kaupunkiin tai per\u00e4ti t\u00e4h\u00e4n kouluun? Ty\u00f6pajassa p\u00e4\u00e4stet\u00e4\u00e4n mielikuvitus valloilleen, tarkkaillaan mets\u00e4\u00e4 satusilmin ja saadaan teemaan sopivia kirjavinkkej\u00e4. <\/span><span style=\"font-weight: 400;\"><strong>Ty\u00f6pajan kesto:<\/strong> 45 min<\/span><\/p>\n<h3><span style=\"font-weight: 400;\">Muodonmuutoksia (4 lk.)<\/span><\/h3>\n<p><span style=\"font-weight: 400;\">Millaista olisi muuttua el\u00e4imeksi? Millaisia maagisia esineit\u00e4 muutokseen tarvittaisiin? Ty\u00f6pajassa tutkitaan sanataiteen keinoin myyttisi\u00e4 el\u00e4imi\u00e4 ja niiden suhdetta ihmiseen. Rakennamme voimael\u00e4inklaania ja keksimme uusia muotoaan muuttavia maagisia el\u00e4imi\u00e4. Harjoitukset pohjautuvat n\u00e4yttelyn kirjallisuuteen, joten ty\u00f6pajasta voi napata mukaan my\u00f6s muutaman teemaan sopivan kirjavinkin. <\/span><span style=\"font-weight: 400;\"><strong>Ty\u00f6pajan kesto:<\/strong> 45\u201360 min<\/span><\/p>\n","protected":false},"excerpt":{"rendered":"<p>N\u00e4yttely ja projekti on p\u00e4\u00e4ttynyt, ty\u00f6pajoja ei voi en\u00e4\u00e4 varata. Voit kuitenkin tilata Sanataideyhdistys Rapinalta ohjausta. Keski-Suomen sanataideyhdistys Rapina ry j\u00e4rjest\u00e4\u00e4 ty\u00f6pajoja p\u00e4iv\u00e4koti- ja kouluryhmille sek\u00e4 Kirjamets\u00e4-n\u00e4yttelyss\u00e4 ett\u00e4 p\u00e4iv\u00e4kodeilla ja kouluilla Keski-Suomessa. Sanataidety\u00f6pajan voi varata ilmaiseksi. Ty\u00f6pajat rahoitetaan Alfred Kordelinin<\/p>\n","protected":false},"author":1,"featured_media":0,"parent":0,"menu_order":0,"comment_status":"closed","ping_status":"closed","template":"","meta":{"footnotes":""},"class_list":["post-52","page","type-page","status-publish","hentry"],"yoast_head":"<!-- This site is optimized with the Yoast SEO plugin v26.7 - https:\/\/yoast.com\/wordpress\/plugins\/seo\/ -->\n<title>Varaa ty\u00f6paja - Kirjamets\u00e4 \u2013 N\u00e4yttely kotimaisen kirjallisuuden taianomaisista metsist\u00e4<\/title>\n<meta name=\"robots\" content=\"index, follow, max-snippet:-1, max-image-preview:large, max-video-preview:-1\" \/>\n<link rel=\"canonical\" href=\"https:\/\/sanataideyhdistysrapina.com\/kirjametsa\/varaa-tyopaja\/\" \/>\n<meta property=\"og:locale\" content=\"fi_FI\" \/>\n<meta property=\"og:type\" content=\"article\" \/>\n<meta property=\"og:title\" content=\"Varaa ty\u00f6paja - Kirjamets\u00e4 \u2013 N\u00e4yttely kotimaisen kirjallisuuden taianomaisista metsist\u00e4\" \/>\n<meta property=\"og:description\" content=\"N\u00e4yttely ja projekti on p\u00e4\u00e4ttynyt, ty\u00f6pajoja ei voi en\u00e4\u00e4 varata. Voit kuitenkin tilata Sanataideyhdistys Rapinalta ohjausta. Keski-Suomen sanataideyhdistys Rapina ry j\u00e4rjest\u00e4\u00e4 ty\u00f6pajoja p\u00e4iv\u00e4koti- ja kouluryhmille sek\u00e4 Kirjamets\u00e4-n\u00e4yttelyss\u00e4 ett\u00e4 p\u00e4iv\u00e4kodeilla ja kouluilla Keski-Suomessa. Sanataidety\u00f6pajan voi varata ilmaiseksi. Ty\u00f6pajat rahoitetaan Alfred Kordelinin\" \/>\n<meta property=\"og:url\" content=\"https:\/\/sanataideyhdistysrapina.com\/kirjametsa\/varaa-tyopaja\/\" \/>\n<meta property=\"og:site_name\" content=\"Kirjamets\u00e4 \u2013 N\u00e4yttely kotimaisen kirjallisuuden taianomaisista metsist\u00e4\" \/>\n<meta property=\"article:modified_time\" content=\"2023-01-17T18:57:17+00:00\" \/>\n<meta name=\"twitter:card\" content=\"summary_large_image\" \/>\n<meta name=\"twitter:label1\" content=\"Arvioitu lukuaika\" \/>\n\t<meta name=\"twitter:data1\" content=\"5 minuuttia\" \/>\n<script type=\"application\/ld+json\" class=\"yoast-schema-graph\">{\"@context\":\"https:\/\/schema.org\",\"@graph\":[{\"@type\":\"WebPage\",\"@id\":\"https:\/\/sanataideyhdistysrapina.com\/kirjametsa\/varaa-tyopaja\/\",\"url\":\"https:\/\/sanataideyhdistysrapina.com\/kirjametsa\/varaa-tyopaja\/\",\"name\":\"Varaa ty\u00f6paja - Kirjamets\u00e4 \u2013 N\u00e4yttely kotimaisen kirjallisuuden taianomaisista metsist\u00e4\",\"isPartOf\":{\"@id\":\"https:\/\/sanataideyhdistysrapina.com\/kirjametsa\/#website\"},\"datePublished\":\"2021-03-31T15:05:23+00:00\",\"dateModified\":\"2023-01-17T18:57:17+00:00\",\"breadcrumb\":{\"@id\":\"https:\/\/sanataideyhdistysrapina.com\/kirjametsa\/varaa-tyopaja\/#breadcrumb\"},\"inLanguage\":\"fi\",\"potentialAction\":[{\"@type\":\"ReadAction\",\"target\":[\"https:\/\/sanataideyhdistysrapina.com\/kirjametsa\/varaa-tyopaja\/\"]}]},{\"@type\":\"BreadcrumbList\",\"@id\":\"https:\/\/sanataideyhdistysrapina.com\/kirjametsa\/varaa-tyopaja\/#breadcrumb\",\"itemListElement\":[{\"@type\":\"ListItem\",\"position\":1,\"name\":\"Etusivu\",\"item\":\"https:\/\/sanataideyhdistysrapina.com\/kirjametsa\/\"},{\"@type\":\"ListItem\",\"position\":2,\"name\":\"Varaa ty\u00f6paja\"}]},{\"@type\":\"WebSite\",\"@id\":\"https:\/\/sanataideyhdistysrapina.com\/kirjametsa\/#website\",\"url\":\"https:\/\/sanataideyhdistysrapina.com\/kirjametsa\/\",\"name\":\"Kirjamets\u00e4 \u2013 N\u00e4yttely kotimaisen kirjallisuuden taianomaisista metsist\u00e4\",\"description\":\"\",\"potentialAction\":[{\"@type\":\"SearchAction\",\"target\":{\"@type\":\"EntryPoint\",\"urlTemplate\":\"https:\/\/sanataideyhdistysrapina.com\/kirjametsa\/?s={search_term_string}\"},\"query-input\":{\"@type\":\"PropertyValueSpecification\",\"valueRequired\":true,\"valueName\":\"search_term_string\"}}],\"inLanguage\":\"fi\"}]}<\/script>\n<!-- \/ Yoast SEO plugin. -->","yoast_head_json":{"title":"Varaa ty\u00f6paja - Kirjamets\u00e4 \u2013 N\u00e4yttely kotimaisen kirjallisuuden taianomaisista metsist\u00e4","robots":{"index":"index","follow":"follow","max-snippet":"max-snippet:-1","max-image-preview":"max-image-preview:large","max-video-preview":"max-video-preview:-1"},"canonical":"https:\/\/sanataideyhdistysrapina.com\/kirjametsa\/varaa-tyopaja\/","og_locale":"fi_FI","og_type":"article","og_title":"Varaa ty\u00f6paja - Kirjamets\u00e4 \u2013 N\u00e4yttely kotimaisen kirjallisuuden taianomaisista metsist\u00e4","og_description":"N\u00e4yttely ja projekti on p\u00e4\u00e4ttynyt, ty\u00f6pajoja ei voi en\u00e4\u00e4 varata. Voit kuitenkin tilata Sanataideyhdistys Rapinalta ohjausta. Keski-Suomen sanataideyhdistys Rapina ry j\u00e4rjest\u00e4\u00e4 ty\u00f6pajoja p\u00e4iv\u00e4koti- ja kouluryhmille sek\u00e4 Kirjamets\u00e4-n\u00e4yttelyss\u00e4 ett\u00e4 p\u00e4iv\u00e4kodeilla ja kouluilla Keski-Suomessa. Sanataidety\u00f6pajan voi varata ilmaiseksi. Ty\u00f6pajat rahoitetaan Alfred Kordelinin","og_url":"https:\/\/sanataideyhdistysrapina.com\/kirjametsa\/varaa-tyopaja\/","og_site_name":"Kirjamets\u00e4 \u2013 N\u00e4yttely kotimaisen kirjallisuuden taianomaisista metsist\u00e4","article_modified_time":"2023-01-17T18:57:17+00:00","twitter_card":"summary_large_image","twitter_misc":{"Arvioitu lukuaika":"5 minuuttia"},"schema":{"@context":"https:\/\/schema.org","@graph":[{"@type":"WebPage","@id":"https:\/\/sanataideyhdistysrapina.com\/kirjametsa\/varaa-tyopaja\/","url":"https:\/\/sanataideyhdistysrapina.com\/kirjametsa\/varaa-tyopaja\/","name":"Varaa ty\u00f6paja - Kirjamets\u00e4 \u2013 N\u00e4yttely kotimaisen kirjallisuuden taianomaisista metsist\u00e4","isPartOf":{"@id":"https:\/\/sanataideyhdistysrapina.com\/kirjametsa\/#website"},"datePublished":"2021-03-31T15:05:23+00:00","dateModified":"2023-01-17T18:57:17+00:00","breadcrumb":{"@id":"https:\/\/sanataideyhdistysrapina.com\/kirjametsa\/varaa-tyopaja\/#breadcrumb"},"inLanguage":"fi","potentialAction":[{"@type":"ReadAction","target":["https:\/\/sanataideyhdistysrapina.com\/kirjametsa\/varaa-tyopaja\/"]}]},{"@type":"BreadcrumbList","@id":"https:\/\/sanataideyhdistysrapina.com\/kirjametsa\/varaa-tyopaja\/#breadcrumb","itemListElement":[{"@type":"ListItem","position":1,"name":"Etusivu","item":"https:\/\/sanataideyhdistysrapina.com\/kirjametsa\/"},{"@type":"ListItem","position":2,"name":"Varaa ty\u00f6paja"}]},{"@type":"WebSite","@id":"https:\/\/sanataideyhdistysrapina.com\/kirjametsa\/#website","url":"https:\/\/sanataideyhdistysrapina.com\/kirjametsa\/","name":"Kirjamets\u00e4 \u2013 N\u00e4yttely kotimaisen kirjallisuuden taianomaisista metsist\u00e4","description":"","potentialAction":[{"@type":"SearchAction","target":{"@type":"EntryPoint","urlTemplate":"https:\/\/sanataideyhdistysrapina.com\/kirjametsa\/?s={search_term_string}"},"query-input":{"@type":"PropertyValueSpecification","valueRequired":true,"valueName":"search_term_string"}}],"inLanguage":"fi"}]}},"_links":{"self":[{"href":"https:\/\/sanataideyhdistysrapina.com\/kirjametsa\/wp-json\/wp\/v2\/pages\/52","targetHints":{"allow":["GET"]}}],"collection":[{"href":"https:\/\/sanataideyhdistysrapina.com\/kirjametsa\/wp-json\/wp\/v2\/pages"}],"about":[{"href":"https:\/\/sanataideyhdistysrapina.com\/kirjametsa\/wp-json\/wp\/v2\/types\/page"}],"author":[{"embeddable":true,"href":"https:\/\/sanataideyhdistysrapina.com\/kirjametsa\/wp-json\/wp\/v2\/users\/1"}],"replies":[{"embeddable":true,"href":"https:\/\/sanataideyhdistysrapina.com\/kirjametsa\/wp-json\/wp\/v2\/comments?post=52"}],"version-history":[{"count":20,"href":"https:\/\/sanataideyhdistysrapina.com\/kirjametsa\/wp-json\/wp\/v2\/pages\/52\/revisions"}],"predecessor-version":[{"id":395,"href":"https:\/\/sanataideyhdistysrapina.com\/kirjametsa\/wp-json\/wp\/v2\/pages\/52\/revisions\/395"}],"wp:attachment":[{"href":"https:\/\/sanataideyhdistysrapina.com\/kirjametsa\/wp-json\/wp\/v2\/media?parent=52"}],"curies":[{"name":"wp","href":"https:\/\/api.w.org\/{rel}","templated":true}]}}