{"id":5,"date":"2021-02-06T22:25:34","date_gmt":"2021-02-06T20:25:34","guid":{"rendered":"https:\/\/sanataideyhdistysrapina.com\/kirjametsa\/?page_id=5"},"modified":"2021-09-21T22:10:39","modified_gmt":"2021-09-21T19:10:39","slug":"etusivu","status":"publish","type":"page","link":"https:\/\/sanataideyhdistysrapina.com\/kirjametsa\/","title":{"rendered":"Etusivu"},"content":{"rendered":"<h2><span style=\"color: #000000;\">Tervetuloa samoamaan Kirjamets\u00e4\u00e4n<\/span><\/h2>\n<p><i><span style=\"font-weight: 400;\"><img loading=\"lazy\" decoding=\"async\" class=\"size-medium wp-image-63 alignright\" src=\"https:\/\/sanataideyhdistysrapina.com\/kirjametsa\/wp-content\/uploads\/sites\/3\/2021\/03\/Kultainen-portti-valk.tausta-300x300.png\" alt=\"\" width=\"300\" height=\"300\" srcset=\"https:\/\/sanataideyhdistysrapina.com\/kirjametsa\/wp-content\/uploads\/sites\/3\/2021\/03\/Kultainen-portti-valk.tausta-300x300.png 300w, https:\/\/sanataideyhdistysrapina.com\/kirjametsa\/wp-content\/uploads\/sites\/3\/2021\/03\/Kultainen-portti-valk.tausta-1024x1024.png 1024w, https:\/\/sanataideyhdistysrapina.com\/kirjametsa\/wp-content\/uploads\/sites\/3\/2021\/03\/Kultainen-portti-valk.tausta-150x150.png 150w, https:\/\/sanataideyhdistysrapina.com\/kirjametsa\/wp-content\/uploads\/sites\/3\/2021\/03\/Kultainen-portti-valk.tausta-768x768.png 768w, https:\/\/sanataideyhdistysrapina.com\/kirjametsa\/wp-content\/uploads\/sites\/3\/2021\/03\/Kultainen-portti-valk.tausta-270x270.png 270w, https:\/\/sanataideyhdistysrapina.com\/kirjametsa\/wp-content\/uploads\/sites\/3\/2021\/03\/Kultainen-portti-valk.tausta-230x230.png 230w, https:\/\/sanataideyhdistysrapina.com\/kirjametsa\/wp-content\/uploads\/sites\/3\/2021\/03\/Kultainen-portti-valk.tausta.png 1400w\" sizes=\"auto, (max-width: 300px) 100vw, 300px\" \/><\/span><\/i><\/p>\n<p><em>Astu sis\u00e4\u00e4n taikamets\u00e4\u00e4n! P\u00e4\u00e4setk\u00f6 sinne kummallisen huolto-oven kautta vai hypp\u00e4\u00e4tk\u00f6 seikkailuun vaahteranlehtikasan l\u00e4pi? L\u00f6yd\u00e4tk\u00f6 mets\u00e4n salaisimman paikan, siilin kotitalon ja mets\u00e4\u00e4n piiloutuneen haltijan? Kuuletko keijukaisten kutsun? Millaiseen paikkaan johtaa avainpuusta l\u00f6ydetty universumin avain?<\/em><\/p>\n<p>Kirjamets\u00e4 on Keski-Suomen kirjastoissa kiert\u00e4v\u00e4 interaktiivinen, el\u00e4myksellinen ja monitaiteinen n\u00e4yttely, jonka teema on kotimaisen kirjallisuuden taianomaiset mets\u00e4t. N\u00e4yttely kurkistaa l\u00e4hes 30 kotimaisen kirjan metsiin, maailmoihin ja tarinoihin. N\u00e4yttelykirjallisuudessa painottuvat lasten- ja nuortenkirjallisuus mutta my\u00f6s aikuisille sopivaa luettavaa l\u00f6ytyy kirjalistalta.<\/p>\n<p>N\u00e4yttely on ensimm\u00e4isen kerran esill\u00e4 Jyv\u00e4skyl\u00e4n kaupungin p\u00e4\u00e4kirjastolla. N\u00e4yttely aukeaa 31.5.2021 ja on Jyv\u00e4skyl\u00e4ss\u00e4 n\u00e4ht\u00e4vill\u00e4 30.10. asti. Keuruulla n\u00e4yttelyyn voi tutustua 8.11.2021\u20138.1.2022. T\u00e4m\u00e4n j\u00e4lkeen n\u00e4yttely jatkaa muihin Keski-Suomen kirjastoihin.<\/p>\n<p><span style=\"font-weight: 400;\">T\u00e4lt\u00e4 sivustolta l\u00f6yd\u00e4t n\u00e4yttelyst\u00e4 <\/span><span style=\"font-weight: 400;\">tarkemmat <a href=\"https:\/\/sanataideyhdistysrapina.com\/kirjametsa\/nayttelyinfo\/\">kuvaukset ja aikataulut<\/a><\/span><span style=\"font-weight: 400;\">, n\u00e4yttelykirjallisuuteen liittyvi\u00e4 <a href=\"https:\/\/sanataideyhdistysrapina.com\/kirjametsa\/kirjatehtavat\/\">kirjoitusharjoituksia<\/a>, tietoa n\u00e4yttelyn <a href=\"https:\/\/sanataideyhdistysrapina.com\/kirjametsa\/tyoryhma\/\">tekij\u00f6ist\u00e4<\/a> ja sen <a href=\"https:\/\/sanataideyhdistysrapina.com\/kirjametsa\/nain-nayttely-rakennettiin\/\">rakentamisesta<\/a>\u00a0sek\u00e4 <a href=\"https:\/\/sanataideyhdistysrapina.com\/kirjametsa\/lisalukemista\/\">kirjavinkkej\u00e4<\/a>. Lis\u00e4ksi sivustolla on kuvia ja infoa <\/span><a href=\"https:\/\/sanataideyhdistysrapina.com\/kirjametsa\/medialle\/\"><span style=\"font-weight: 400;\">media<\/span>lle<\/a>, ohjeet ilmaisten <a href=\"https:\/\/sanataideyhdistysrapina.com\/kirjametsa\/varaa-tyopaja\/\">sanataidety\u00f6pajojen tilaamiseen<\/a>\u00a0sek\u00e4 <a href=\"https:\/\/sanataideyhdistysrapina.com\/kirjametsa\/ota-yhteytta\/\">yhteystietomme<\/a>.<\/p>\n<p>Kirjamets\u00e4-konseptin on ideoinut, suunnitellut ja toteuttanut Keski-Suomen sanataideyhdistys Rapina ry. N\u00e4yttely on rakennettu Alfred Kordelinin s\u00e4\u00e4ti\u00f6n apurahan tuella. N\u00e4yttelyn p\u00e4\u00e4yhteisty\u00f6kumppani on Keski-kirjastot.<\/p>\n<p><img loading=\"lazy\" decoding=\"async\" class=\"wp-image-275 size-full aligncenter\" src=\"https:\/\/sanataideyhdistysrapina.com\/kirjametsa\/wp-content\/uploads\/sites\/3\/2021\/04\/2-e1617526744144.jpg\" alt=\"\" width=\"1920\" height=\"427\" srcset=\"https:\/\/sanataideyhdistysrapina.com\/kirjametsa\/wp-content\/uploads\/sites\/3\/2021\/04\/2-e1617526744144.jpg 1920w, https:\/\/sanataideyhdistysrapina.com\/kirjametsa\/wp-content\/uploads\/sites\/3\/2021\/04\/2-e1617526744144-300x67.jpg 300w, https:\/\/sanataideyhdistysrapina.com\/kirjametsa\/wp-content\/uploads\/sites\/3\/2021\/04\/2-e1617526744144-1024x228.jpg 1024w, https:\/\/sanataideyhdistysrapina.com\/kirjametsa\/wp-content\/uploads\/sites\/3\/2021\/04\/2-e1617526744144-768x171.jpg 768w, https:\/\/sanataideyhdistysrapina.com\/kirjametsa\/wp-content\/uploads\/sites\/3\/2021\/04\/2-e1617526744144-1536x342.jpg 1536w\" sizes=\"auto, (max-width: 1920px) 100vw, 1920px\" \/><\/p>\n<h3 style=\"text-align: center;\">Yhteisty\u00f6ss\u00e4 my\u00f6s:<\/h3>\n<p><img loading=\"lazy\" decoding=\"async\" class=\"wp-image-282 size-large aligncenter\" src=\"https:\/\/sanataideyhdistysrapina.com\/kirjametsa\/wp-content\/uploads\/sites\/3\/2021\/04\/kustantamojen-logot-e1617527525321-1024x412.png\" alt=\"\" width=\"750\" height=\"302\" srcset=\"https:\/\/sanataideyhdistysrapina.com\/kirjametsa\/wp-content\/uploads\/sites\/3\/2021\/04\/kustantamojen-logot-e1617527525321-1024x412.png 1024w, https:\/\/sanataideyhdistysrapina.com\/kirjametsa\/wp-content\/uploads\/sites\/3\/2021\/04\/kustantamojen-logot-e1617527525321-300x121.png 300w, https:\/\/sanataideyhdistysrapina.com\/kirjametsa\/wp-content\/uploads\/sites\/3\/2021\/04\/kustantamojen-logot-e1617527525321-768x309.png 768w, https:\/\/sanataideyhdistysrapina.com\/kirjametsa\/wp-content\/uploads\/sites\/3\/2021\/04\/kustantamojen-logot-e1617527525321.png 1372w\" sizes=\"auto, (max-width: 750px) 100vw, 750px\" \/><\/p>\n<p style=\"text-align: center;\"><strong>Miellotar<\/strong><\/p>\n","protected":false},"excerpt":{"rendered":"<p>Tervetuloa samoamaan Kirjamets\u00e4\u00e4n Astu sis\u00e4\u00e4n taikamets\u00e4\u00e4n! P\u00e4\u00e4setk\u00f6 sinne kummallisen huolto-oven kautta vai hypp\u00e4\u00e4tk\u00f6 seikkailuun vaahteranlehtikasan l\u00e4pi? L\u00f6yd\u00e4tk\u00f6 mets\u00e4n salaisimman paikan, siilin kotitalon ja mets\u00e4\u00e4n piiloutuneen haltijan? Kuuletko keijukaisten kutsun? Millaiseen paikkaan johtaa avainpuusta l\u00f6ydetty universumin avain? Kirjamets\u00e4 on Keski-Suomen kirjastoissa<\/p>\n","protected":false},"author":1,"featured_media":0,"parent":0,"menu_order":0,"comment_status":"closed","ping_status":"closed","template":"","meta":{"footnotes":""},"class_list":["post-5","page","type-page","status-publish","hentry"],"yoast_head":"<!-- This site is optimized with the Yoast SEO plugin v26.7 - https:\/\/yoast.com\/wordpress\/plugins\/seo\/ -->\n<title>Etusivu - Kirjamets\u00e4 \u2013 N\u00e4yttely kotimaisen kirjallisuuden taianomaisista metsist\u00e4<\/title>\n<meta name=\"robots\" content=\"index, follow, max-snippet:-1, max-image-preview:large, max-video-preview:-1\" \/>\n<link rel=\"canonical\" href=\"https:\/\/sanataideyhdistysrapina.com\/kirjametsa\/\" \/>\n<meta property=\"og:locale\" content=\"fi_FI\" \/>\n<meta property=\"og:type\" content=\"article\" \/>\n<meta property=\"og:title\" content=\"Etusivu - Kirjamets\u00e4 \u2013 N\u00e4yttely kotimaisen kirjallisuuden taianomaisista metsist\u00e4\" \/>\n<meta property=\"og:description\" content=\"Tervetuloa samoamaan Kirjamets\u00e4\u00e4n Astu sis\u00e4\u00e4n taikamets\u00e4\u00e4n! P\u00e4\u00e4setk\u00f6 sinne kummallisen huolto-oven kautta vai hypp\u00e4\u00e4tk\u00f6 seikkailuun vaahteranlehtikasan l\u00e4pi? L\u00f6yd\u00e4tk\u00f6 mets\u00e4n salaisimman paikan, siilin kotitalon ja mets\u00e4\u00e4n piiloutuneen haltijan? Kuuletko keijukaisten kutsun? Millaiseen paikkaan johtaa avainpuusta l\u00f6ydetty universumin avain? Kirjamets\u00e4 on Keski-Suomen kirjastoissa\" \/>\n<meta property=\"og:url\" content=\"https:\/\/sanataideyhdistysrapina.com\/kirjametsa\/\" \/>\n<meta property=\"og:site_name\" content=\"Kirjamets\u00e4 \u2013 N\u00e4yttely kotimaisen kirjallisuuden taianomaisista metsist\u00e4\" \/>\n<meta property=\"article:modified_time\" content=\"2021-09-21T19:10:39+00:00\" \/>\n<meta property=\"og:image\" content=\"https:\/\/sanataideyhdistysrapina.com\/kirjametsa\/wp-content\/uploads\/sites\/3\/2021\/03\/Kultainen-portti-valk.tausta-300x300.png\" \/>\n<meta name=\"twitter:card\" content=\"summary_large_image\" \/>\n<meta name=\"twitter:label1\" content=\"Arvioitu lukuaika\" \/>\n\t<meta name=\"twitter:data1\" content=\"2 minuuttia\" \/>\n<script type=\"application\/ld+json\" class=\"yoast-schema-graph\">{\"@context\":\"https:\/\/schema.org\",\"@graph\":[{\"@type\":\"WebPage\",\"@id\":\"https:\/\/sanataideyhdistysrapina.com\/kirjametsa\/\",\"url\":\"https:\/\/sanataideyhdistysrapina.com\/kirjametsa\/\",\"name\":\"Etusivu - Kirjamets\u00e4 \u2013 N\u00e4yttely kotimaisen kirjallisuuden taianomaisista metsist\u00e4\",\"isPartOf\":{\"@id\":\"https:\/\/sanataideyhdistysrapina.com\/kirjametsa\/#website\"},\"primaryImageOfPage\":{\"@id\":\"https:\/\/sanataideyhdistysrapina.com\/kirjametsa\/#primaryimage\"},\"image\":{\"@id\":\"https:\/\/sanataideyhdistysrapina.com\/kirjametsa\/#primaryimage\"},\"thumbnailUrl\":\"https:\/\/sanataideyhdistysrapina.com\/kirjametsa\/wp-content\/uploads\/sites\/3\/2021\/03\/Kultainen-portti-valk.tausta-300x300.png\",\"datePublished\":\"2021-02-06T20:25:34+00:00\",\"dateModified\":\"2021-09-21T19:10:39+00:00\",\"breadcrumb\":{\"@id\":\"https:\/\/sanataideyhdistysrapina.com\/kirjametsa\/#breadcrumb\"},\"inLanguage\":\"fi\",\"potentialAction\":[{\"@type\":\"ReadAction\",\"target\":[\"https:\/\/sanataideyhdistysrapina.com\/kirjametsa\/\"]}]},{\"@type\":\"ImageObject\",\"inLanguage\":\"fi\",\"@id\":\"https:\/\/sanataideyhdistysrapina.com\/kirjametsa\/#primaryimage\",\"url\":\"https:\/\/sanataideyhdistysrapina.com\/kirjametsa\/wp-content\/uploads\/sites\/3\/2021\/03\/Kultainen-portti-valk.tausta.png\",\"contentUrl\":\"https:\/\/sanataideyhdistysrapina.com\/kirjametsa\/wp-content\/uploads\/sites\/3\/2021\/03\/Kultainen-portti-valk.tausta.png\",\"width\":1400,\"height\":1400},{\"@type\":\"BreadcrumbList\",\"@id\":\"https:\/\/sanataideyhdistysrapina.com\/kirjametsa\/#breadcrumb\",\"itemListElement\":[{\"@type\":\"ListItem\",\"position\":1,\"name\":\"Etusivu\",\"item\":\"https:\/\/sanataideyhdistysrapina.com\/kirjametsa\/\"},{\"@type\":\"ListItem\",\"position\":2,\"name\":\"Etusivu\"}]},{\"@type\":\"WebSite\",\"@id\":\"https:\/\/sanataideyhdistysrapina.com\/kirjametsa\/#website\",\"url\":\"https:\/\/sanataideyhdistysrapina.com\/kirjametsa\/\",\"name\":\"Kirjamets\u00e4 \u2013 N\u00e4yttely kotimaisen kirjallisuuden taianomaisista metsist\u00e4\",\"description\":\"\",\"potentialAction\":[{\"@type\":\"SearchAction\",\"target\":{\"@type\":\"EntryPoint\",\"urlTemplate\":\"https:\/\/sanataideyhdistysrapina.com\/kirjametsa\/?s={search_term_string}\"},\"query-input\":{\"@type\":\"PropertyValueSpecification\",\"valueRequired\":true,\"valueName\":\"search_term_string\"}}],\"inLanguage\":\"fi\"}]}<\/script>\n<!-- \/ Yoast SEO plugin. -->","yoast_head_json":{"title":"Etusivu - Kirjamets\u00e4 \u2013 N\u00e4yttely kotimaisen kirjallisuuden taianomaisista metsist\u00e4","robots":{"index":"index","follow":"follow","max-snippet":"max-snippet:-1","max-image-preview":"max-image-preview:large","max-video-preview":"max-video-preview:-1"},"canonical":"https:\/\/sanataideyhdistysrapina.com\/kirjametsa\/","og_locale":"fi_FI","og_type":"article","og_title":"Etusivu - Kirjamets\u00e4 \u2013 N\u00e4yttely kotimaisen kirjallisuuden taianomaisista metsist\u00e4","og_description":"Tervetuloa samoamaan Kirjamets\u00e4\u00e4n Astu sis\u00e4\u00e4n taikamets\u00e4\u00e4n! P\u00e4\u00e4setk\u00f6 sinne kummallisen huolto-oven kautta vai hypp\u00e4\u00e4tk\u00f6 seikkailuun vaahteranlehtikasan l\u00e4pi? L\u00f6yd\u00e4tk\u00f6 mets\u00e4n salaisimman paikan, siilin kotitalon ja mets\u00e4\u00e4n piiloutuneen haltijan? Kuuletko keijukaisten kutsun? Millaiseen paikkaan johtaa avainpuusta l\u00f6ydetty universumin avain? Kirjamets\u00e4 on Keski-Suomen kirjastoissa","og_url":"https:\/\/sanataideyhdistysrapina.com\/kirjametsa\/","og_site_name":"Kirjamets\u00e4 \u2013 N\u00e4yttely kotimaisen kirjallisuuden taianomaisista metsist\u00e4","article_modified_time":"2021-09-21T19:10:39+00:00","og_image":[{"url":"https:\/\/sanataideyhdistysrapina.com\/kirjametsa\/wp-content\/uploads\/sites\/3\/2021\/03\/Kultainen-portti-valk.tausta-300x300.png","type":"","width":"","height":""}],"twitter_card":"summary_large_image","twitter_misc":{"Arvioitu lukuaika":"2 minuuttia"},"schema":{"@context":"https:\/\/schema.org","@graph":[{"@type":"WebPage","@id":"https:\/\/sanataideyhdistysrapina.com\/kirjametsa\/","url":"https:\/\/sanataideyhdistysrapina.com\/kirjametsa\/","name":"Etusivu - Kirjamets\u00e4 \u2013 N\u00e4yttely kotimaisen kirjallisuuden taianomaisista metsist\u00e4","isPartOf":{"@id":"https:\/\/sanataideyhdistysrapina.com\/kirjametsa\/#website"},"primaryImageOfPage":{"@id":"https:\/\/sanataideyhdistysrapina.com\/kirjametsa\/#primaryimage"},"image":{"@id":"https:\/\/sanataideyhdistysrapina.com\/kirjametsa\/#primaryimage"},"thumbnailUrl":"https:\/\/sanataideyhdistysrapina.com\/kirjametsa\/wp-content\/uploads\/sites\/3\/2021\/03\/Kultainen-portti-valk.tausta-300x300.png","datePublished":"2021-02-06T20:25:34+00:00","dateModified":"2021-09-21T19:10:39+00:00","breadcrumb":{"@id":"https:\/\/sanataideyhdistysrapina.com\/kirjametsa\/#breadcrumb"},"inLanguage":"fi","potentialAction":[{"@type":"ReadAction","target":["https:\/\/sanataideyhdistysrapina.com\/kirjametsa\/"]}]},{"@type":"ImageObject","inLanguage":"fi","@id":"https:\/\/sanataideyhdistysrapina.com\/kirjametsa\/#primaryimage","url":"https:\/\/sanataideyhdistysrapina.com\/kirjametsa\/wp-content\/uploads\/sites\/3\/2021\/03\/Kultainen-portti-valk.tausta.png","contentUrl":"https:\/\/sanataideyhdistysrapina.com\/kirjametsa\/wp-content\/uploads\/sites\/3\/2021\/03\/Kultainen-portti-valk.tausta.png","width":1400,"height":1400},{"@type":"BreadcrumbList","@id":"https:\/\/sanataideyhdistysrapina.com\/kirjametsa\/#breadcrumb","itemListElement":[{"@type":"ListItem","position":1,"name":"Etusivu","item":"https:\/\/sanataideyhdistysrapina.com\/kirjametsa\/"},{"@type":"ListItem","position":2,"name":"Etusivu"}]},{"@type":"WebSite","@id":"https:\/\/sanataideyhdistysrapina.com\/kirjametsa\/#website","url":"https:\/\/sanataideyhdistysrapina.com\/kirjametsa\/","name":"Kirjamets\u00e4 \u2013 N\u00e4yttely kotimaisen kirjallisuuden taianomaisista metsist\u00e4","description":"","potentialAction":[{"@type":"SearchAction","target":{"@type":"EntryPoint","urlTemplate":"https:\/\/sanataideyhdistysrapina.com\/kirjametsa\/?s={search_term_string}"},"query-input":{"@type":"PropertyValueSpecification","valueRequired":true,"valueName":"search_term_string"}}],"inLanguage":"fi"}]}},"_links":{"self":[{"href":"https:\/\/sanataideyhdistysrapina.com\/kirjametsa\/wp-json\/wp\/v2\/pages\/5","targetHints":{"allow":["GET"]}}],"collection":[{"href":"https:\/\/sanataideyhdistysrapina.com\/kirjametsa\/wp-json\/wp\/v2\/pages"}],"about":[{"href":"https:\/\/sanataideyhdistysrapina.com\/kirjametsa\/wp-json\/wp\/v2\/types\/page"}],"author":[{"embeddable":true,"href":"https:\/\/sanataideyhdistysrapina.com\/kirjametsa\/wp-json\/wp\/v2\/users\/1"}],"replies":[{"embeddable":true,"href":"https:\/\/sanataideyhdistysrapina.com\/kirjametsa\/wp-json\/wp\/v2\/comments?post=5"}],"version-history":[{"count":28,"href":"https:\/\/sanataideyhdistysrapina.com\/kirjametsa\/wp-json\/wp\/v2\/pages\/5\/revisions"}],"predecessor-version":[{"id":382,"href":"https:\/\/sanataideyhdistysrapina.com\/kirjametsa\/wp-json\/wp\/v2\/pages\/5\/revisions\/382"}],"wp:attachment":[{"href":"https:\/\/sanataideyhdistysrapina.com\/kirjametsa\/wp-json\/wp\/v2\/media?parent=5"}],"curies":[{"name":"wp","href":"https:\/\/api.w.org\/{rel}","templated":true}]}}