{"id":319,"date":"2021-04-06T14:56:40","date_gmt":"2021-04-06T11:56:40","guid":{"rendered":"https:\/\/sanataideyhdistysrapina.com\/kirjametsa\/?page_id=319"},"modified":"2021-09-21T22:07:34","modified_gmt":"2021-09-21T19:07:34","slug":"avoimet-tyopajat","status":"publish","type":"page","link":"https:\/\/sanataideyhdistysrapina.com\/kirjametsa\/avoimet-tyopajat\/","title":{"rendered":"Avoimet ty\u00f6pajat"},"content":{"rendered":"<p>Kirjamets\u00e4-n\u00e4yttelyss\u00e4 j\u00e4rjestet\u00e4\u00e4n avoimia ja ilmaisia ty\u00f6pajoja, joihin voi osallistua kuka vain. Koronatilanteen takia ty\u00f6pajoihin on maksimiosallistujam\u00e4\u00e4r\u00e4t ja niihin pit\u00e4\u00e4 ilmoittautua ennakkoon. Ty\u00f6pajoihin ilmoittaudutaan Forms-lomakkeiden kautta. Jos haluat laittaa viesti\u00e4 pajan ohjaajalle, meid\u00e4t tavoittaa osoitteesta sanataideyhdistys.rapina (at) gmail.com<\/p>\n<h2>Retkell\u00e4 satumets\u00e4ss\u00e4<\/h2>\n<p><strong>ti 12.10. 9.30\u201310.15<\/strong><\/p>\n<p>Oletko koskaan k\u00e4ynyt retkell\u00e4? T\u00e4ss\u00e4 reippaassa retkipajassa pakataan runoreppu selk\u00e4\u00e4n ja suunnataan mets\u00e4seikkailuun. Mets\u00e4 surisee ja sirkuttaa \u2013 mit\u00e4h\u00e4n kaikkea siell\u00e4 asuukaan? Ent\u00e4 tiesitk\u00f6, ett\u00e4 puilla on supervoimia? Ty\u00f6paja sopii 3\u20136-vuotiaille ja heid\u00e4n mukanaan osallistuville aikuisille.<\/p>\n<p>Sanataidepajassa tutustutaan el\u00e4mykselliseen Kirjamets\u00e4-n\u00e4yttelyyn, johon voi tutustua Jyv\u00e4skyl\u00e4n kaupunginkirjastolla 31.5.\u201330.10.2021.<\/p>\n<p><strong>Ajankohta:<\/strong> ti 12.10. 9.30\u201310.15<br \/>\n<strong>Paikka:<\/strong> Jyv\u00e4skyl\u00e4n kaupunginkirjasto, Peukaloinen<br \/>\n<strong>Kesto:<\/strong> 45 minuuttia<\/p>\n<p><a href=\"https:\/\/forms.gle\/1w8PDwMfaFdfs2hu9\" target=\"_blank\" rel=\"noopener\">Klikkaa t\u00e4st\u00e4 ilmioittautumislomakkeeseen<\/a>.<\/p>\n<h2>Taikakasveja tutkimaan<\/h2>\n<p><strong> ti 19.10. klo 13\u201314<\/strong><\/p>\n<p>Taikamets\u00e4 kukkii ja vihert\u00e4\u00e4 toinen toistaan ihmeellisempi\u00e4 kasveja. Ty\u00f6pajan osallistujat p\u00e4\u00e4sev\u00e4t auttamaan tutkimusryhm\u00e4\u00e4 mets\u00e4n kasvien kartoittamisessa. Millaisia kasviharvinaisuuksia mets\u00e4st\u00e4 l\u00f6ytyyk\u00e4\u00e4n? Kasvil\u00f6yt\u00f6jen tekemisen lis\u00e4ksi pajassa heitt\u00e4ydyt\u00e4\u00e4n mainosten maailmaan. Ty\u00f6paja sopii 8-vuotiaille ja sit\u00e4 vanhemmille.<\/p>\n<p>Sanataidepajassa tutustutaan el\u00e4mykselliseen Kirjamets\u00e4-n\u00e4yttelyyn, johon voi tutustua Jyv\u00e4skyl\u00e4n kaupunginkirjastolla 31.5.\u201330.10.2021.<\/p>\n<p><strong>Ajankohta:<\/strong> ti 19.10. klo 13\u201314<br \/>\n<strong>Paikka:<\/strong> Jyv\u00e4skyl\u00e4n kaupunginkirjasto, Peukaloinen<br \/>\n<strong>Kesto:<\/strong> 60 minuuttia<\/p>\n<p><a href=\"https:\/\/forms.gle\/HZvVj5HTUJYZtkBZ8\" target=\"_blank\" rel=\"noopener\">Klikkaa t\u00e4st\u00e4 ilmoittautumislomakkeeseen<\/a>.<\/p>\n<h2>Eksyksiss\u00e4 mystisess\u00e4 mets\u00e4ss\u00e4<\/h2>\n<p><strong>to 21.10. 18\u201319<\/strong><\/p>\n<p>Tervetuloa vaellukselle mystiseen mets\u00e4\u00e4n, jossa myytit her\u00e4\u00e4v\u00e4t eloon! T\u00e4ss\u00e4 pajassa tutustutaan pintaa syvemm\u00e4lt\u00e4 mets\u00e4mytologian olentoihin ja kotimaisen kirjallisuuden metsik\u00f6ihin, viidakoita unohtamatta. Mit\u00e4 tapahtuisi, jos puut valtaisivat jonkin sinulle tutun tilan tai jos muuttuisit itse ihmissudeksi? Osallistujat p\u00e4\u00e4sev\u00e4t kokemaan, millaisia uskomuksia entisajan ihmiset ovat liitt\u00e4neet meit\u00e4 yh\u00e4 ymp\u00e4r\u00f6iviin metsiin, ja saavat monipuolisia lukuvinkkej\u00e4 aina sarjakuvista klassikkokirjallisuuteen. Ty\u00f6paja on suunnattu nuorille ja aikuisille.<\/p>\n<p>Sanataidepajassa tutustutaan el\u00e4mykselliseen Kirjamets\u00e4-n\u00e4yttelyyn, johon voi tutustua Jyv\u00e4skyl\u00e4n kaupunginkirjastolla 31.5.\u201330.10.2021.<\/p>\n<p><strong>Ajankohta:<\/strong> to 21.10. 18\u201319<br \/>\n<strong>Paikka:<\/strong> Jyv\u00e4skyl\u00e4n kaupunginkirjasto, Peukaloinen<br \/>\n<strong>Kesto:<\/strong> 60 minuuttia<\/p>\n<p><a href=\"https:\/\/forms.gle\/KpufyDCwNWByKfFp6\" target=\"_blank\" rel=\"noopener\">Klikkaa t\u00e4st\u00e4 ilmoittautumislomakkeeseen<\/a>.<\/p>\n","protected":false},"excerpt":{"rendered":"<p>Kirjamets\u00e4-n\u00e4yttelyss\u00e4 j\u00e4rjestet\u00e4\u00e4n avoimia ja ilmaisia ty\u00f6pajoja, joihin voi osallistua kuka vain. Koronatilanteen takia ty\u00f6pajoihin on maksimiosallistujam\u00e4\u00e4r\u00e4t ja niihin pit\u00e4\u00e4 ilmoittautua ennakkoon. Ty\u00f6pajoihin ilmoittaudutaan Forms-lomakkeiden kautta. Jos haluat laittaa viesti\u00e4 pajan ohjaajalle, meid\u00e4t tavoittaa osoitteesta sanataideyhdistys.rapina (at) gmail.com Retkell\u00e4 satumets\u00e4ss\u00e4 ti<\/p>\n","protected":false},"author":1,"featured_media":0,"parent":0,"menu_order":0,"comment_status":"closed","ping_status":"closed","template":"","meta":{"footnotes":""},"class_list":["post-319","page","type-page","status-publish","hentry"],"yoast_head":"<!-- This site is optimized with the Yoast SEO plugin v26.7 - https:\/\/yoast.com\/wordpress\/plugins\/seo\/ -->\n<title>Avoimet ty\u00f6pajat - Kirjamets\u00e4 \u2013 N\u00e4yttely kotimaisen kirjallisuuden taianomaisista metsist\u00e4<\/title>\n<meta name=\"robots\" content=\"index, follow, max-snippet:-1, max-image-preview:large, max-video-preview:-1\" \/>\n<link rel=\"canonical\" href=\"https:\/\/sanataideyhdistysrapina.com\/kirjametsa\/avoimet-tyopajat\/\" \/>\n<meta property=\"og:locale\" content=\"fi_FI\" \/>\n<meta property=\"og:type\" content=\"article\" \/>\n<meta property=\"og:title\" content=\"Avoimet ty\u00f6pajat - Kirjamets\u00e4 \u2013 N\u00e4yttely kotimaisen kirjallisuuden taianomaisista metsist\u00e4\" \/>\n<meta property=\"og:description\" content=\"Kirjamets\u00e4-n\u00e4yttelyss\u00e4 j\u00e4rjestet\u00e4\u00e4n avoimia ja ilmaisia ty\u00f6pajoja, joihin voi osallistua kuka vain. Koronatilanteen takia ty\u00f6pajoihin on maksimiosallistujam\u00e4\u00e4r\u00e4t ja niihin pit\u00e4\u00e4 ilmoittautua ennakkoon. Ty\u00f6pajoihin ilmoittaudutaan Forms-lomakkeiden kautta. Jos haluat laittaa viesti\u00e4 pajan ohjaajalle, meid\u00e4t tavoittaa osoitteesta sanataideyhdistys.rapina (at) gmail.com Retkell\u00e4 satumets\u00e4ss\u00e4 ti\" \/>\n<meta property=\"og:url\" content=\"https:\/\/sanataideyhdistysrapina.com\/kirjametsa\/avoimet-tyopajat\/\" \/>\n<meta property=\"og:site_name\" content=\"Kirjamets\u00e4 \u2013 N\u00e4yttely kotimaisen kirjallisuuden taianomaisista metsist\u00e4\" \/>\n<meta property=\"article:modified_time\" content=\"2021-09-21T19:07:34+00:00\" \/>\n<meta name=\"twitter:card\" content=\"summary_large_image\" \/>\n<meta name=\"twitter:label1\" content=\"Arvioitu lukuaika\" \/>\n\t<meta name=\"twitter:data1\" content=\"2 minuuttia\" \/>\n<script type=\"application\/ld+json\" class=\"yoast-schema-graph\">{\"@context\":\"https:\/\/schema.org\",\"@graph\":[{\"@type\":\"WebPage\",\"@id\":\"https:\/\/sanataideyhdistysrapina.com\/kirjametsa\/avoimet-tyopajat\/\",\"url\":\"https:\/\/sanataideyhdistysrapina.com\/kirjametsa\/avoimet-tyopajat\/\",\"name\":\"Avoimet ty\u00f6pajat - Kirjamets\u00e4 \u2013 N\u00e4yttely kotimaisen kirjallisuuden taianomaisista metsist\u00e4\",\"isPartOf\":{\"@id\":\"https:\/\/sanataideyhdistysrapina.com\/kirjametsa\/#website\"},\"datePublished\":\"2021-04-06T11:56:40+00:00\",\"dateModified\":\"2021-09-21T19:07:34+00:00\",\"breadcrumb\":{\"@id\":\"https:\/\/sanataideyhdistysrapina.com\/kirjametsa\/avoimet-tyopajat\/#breadcrumb\"},\"inLanguage\":\"fi\",\"potentialAction\":[{\"@type\":\"ReadAction\",\"target\":[\"https:\/\/sanataideyhdistysrapina.com\/kirjametsa\/avoimet-tyopajat\/\"]}]},{\"@type\":\"BreadcrumbList\",\"@id\":\"https:\/\/sanataideyhdistysrapina.com\/kirjametsa\/avoimet-tyopajat\/#breadcrumb\",\"itemListElement\":[{\"@type\":\"ListItem\",\"position\":1,\"name\":\"Etusivu\",\"item\":\"https:\/\/sanataideyhdistysrapina.com\/kirjametsa\/\"},{\"@type\":\"ListItem\",\"position\":2,\"name\":\"Avoimet ty\u00f6pajat\"}]},{\"@type\":\"WebSite\",\"@id\":\"https:\/\/sanataideyhdistysrapina.com\/kirjametsa\/#website\",\"url\":\"https:\/\/sanataideyhdistysrapina.com\/kirjametsa\/\",\"name\":\"Kirjamets\u00e4 \u2013 N\u00e4yttely kotimaisen kirjallisuuden taianomaisista metsist\u00e4\",\"description\":\"\",\"potentialAction\":[{\"@type\":\"SearchAction\",\"target\":{\"@type\":\"EntryPoint\",\"urlTemplate\":\"https:\/\/sanataideyhdistysrapina.com\/kirjametsa\/?s={search_term_string}\"},\"query-input\":{\"@type\":\"PropertyValueSpecification\",\"valueRequired\":true,\"valueName\":\"search_term_string\"}}],\"inLanguage\":\"fi\"}]}<\/script>\n<!-- \/ Yoast SEO plugin. -->","yoast_head_json":{"title":"Avoimet ty\u00f6pajat - Kirjamets\u00e4 \u2013 N\u00e4yttely kotimaisen kirjallisuuden taianomaisista metsist\u00e4","robots":{"index":"index","follow":"follow","max-snippet":"max-snippet:-1","max-image-preview":"max-image-preview:large","max-video-preview":"max-video-preview:-1"},"canonical":"https:\/\/sanataideyhdistysrapina.com\/kirjametsa\/avoimet-tyopajat\/","og_locale":"fi_FI","og_type":"article","og_title":"Avoimet ty\u00f6pajat - Kirjamets\u00e4 \u2013 N\u00e4yttely kotimaisen kirjallisuuden taianomaisista metsist\u00e4","og_description":"Kirjamets\u00e4-n\u00e4yttelyss\u00e4 j\u00e4rjestet\u00e4\u00e4n avoimia ja ilmaisia ty\u00f6pajoja, joihin voi osallistua kuka vain. Koronatilanteen takia ty\u00f6pajoihin on maksimiosallistujam\u00e4\u00e4r\u00e4t ja niihin pit\u00e4\u00e4 ilmoittautua ennakkoon. Ty\u00f6pajoihin ilmoittaudutaan Forms-lomakkeiden kautta. Jos haluat laittaa viesti\u00e4 pajan ohjaajalle, meid\u00e4t tavoittaa osoitteesta sanataideyhdistys.rapina (at) gmail.com Retkell\u00e4 satumets\u00e4ss\u00e4 ti","og_url":"https:\/\/sanataideyhdistysrapina.com\/kirjametsa\/avoimet-tyopajat\/","og_site_name":"Kirjamets\u00e4 \u2013 N\u00e4yttely kotimaisen kirjallisuuden taianomaisista metsist\u00e4","article_modified_time":"2021-09-21T19:07:34+00:00","twitter_card":"summary_large_image","twitter_misc":{"Arvioitu lukuaika":"2 minuuttia"},"schema":{"@context":"https:\/\/schema.org","@graph":[{"@type":"WebPage","@id":"https:\/\/sanataideyhdistysrapina.com\/kirjametsa\/avoimet-tyopajat\/","url":"https:\/\/sanataideyhdistysrapina.com\/kirjametsa\/avoimet-tyopajat\/","name":"Avoimet ty\u00f6pajat - Kirjamets\u00e4 \u2013 N\u00e4yttely kotimaisen kirjallisuuden taianomaisista metsist\u00e4","isPartOf":{"@id":"https:\/\/sanataideyhdistysrapina.com\/kirjametsa\/#website"},"datePublished":"2021-04-06T11:56:40+00:00","dateModified":"2021-09-21T19:07:34+00:00","breadcrumb":{"@id":"https:\/\/sanataideyhdistysrapina.com\/kirjametsa\/avoimet-tyopajat\/#breadcrumb"},"inLanguage":"fi","potentialAction":[{"@type":"ReadAction","target":["https:\/\/sanataideyhdistysrapina.com\/kirjametsa\/avoimet-tyopajat\/"]}]},{"@type":"BreadcrumbList","@id":"https:\/\/sanataideyhdistysrapina.com\/kirjametsa\/avoimet-tyopajat\/#breadcrumb","itemListElement":[{"@type":"ListItem","position":1,"name":"Etusivu","item":"https:\/\/sanataideyhdistysrapina.com\/kirjametsa\/"},{"@type":"ListItem","position":2,"name":"Avoimet ty\u00f6pajat"}]},{"@type":"WebSite","@id":"https:\/\/sanataideyhdistysrapina.com\/kirjametsa\/#website","url":"https:\/\/sanataideyhdistysrapina.com\/kirjametsa\/","name":"Kirjamets\u00e4 \u2013 N\u00e4yttely kotimaisen kirjallisuuden taianomaisista metsist\u00e4","description":"","potentialAction":[{"@type":"SearchAction","target":{"@type":"EntryPoint","urlTemplate":"https:\/\/sanataideyhdistysrapina.com\/kirjametsa\/?s={search_term_string}"},"query-input":{"@type":"PropertyValueSpecification","valueRequired":true,"valueName":"search_term_string"}}],"inLanguage":"fi"}]}},"_links":{"self":[{"href":"https:\/\/sanataideyhdistysrapina.com\/kirjametsa\/wp-json\/wp\/v2\/pages\/319","targetHints":{"allow":["GET"]}}],"collection":[{"href":"https:\/\/sanataideyhdistysrapina.com\/kirjametsa\/wp-json\/wp\/v2\/pages"}],"about":[{"href":"https:\/\/sanataideyhdistysrapina.com\/kirjametsa\/wp-json\/wp\/v2\/types\/page"}],"author":[{"embeddable":true,"href":"https:\/\/sanataideyhdistysrapina.com\/kirjametsa\/wp-json\/wp\/v2\/users\/1"}],"replies":[{"embeddable":true,"href":"https:\/\/sanataideyhdistysrapina.com\/kirjametsa\/wp-json\/wp\/v2\/comments?post=319"}],"version-history":[{"count":6,"href":"https:\/\/sanataideyhdistysrapina.com\/kirjametsa\/wp-json\/wp\/v2\/pages\/319\/revisions"}],"predecessor-version":[{"id":322,"href":"https:\/\/sanataideyhdistysrapina.com\/kirjametsa\/wp-json\/wp\/v2\/pages\/319\/revisions\/322"}],"wp:attachment":[{"href":"https:\/\/sanataideyhdistysrapina.com\/kirjametsa\/wp-json\/wp\/v2\/media?parent=319"}],"curies":[{"name":"wp","href":"https:\/\/api.w.org\/{rel}","templated":true}]}}