{"id":24,"date":"2021-02-06T22:55:56","date_gmt":"2021-02-06T20:55:56","guid":{"rendered":"https:\/\/sanataideyhdistysrapina.com\/kirjametsa\/?page_id=24"},"modified":"2023-01-17T20:58:21","modified_gmt":"2023-01-17T18:58:21","slug":"medialle","status":"publish","type":"page","link":"https:\/\/sanataideyhdistysrapina.com\/kirjametsa\/medialle\/","title":{"rendered":"Medialle"},"content":{"rendered":"<p>Vastaamme mielell\u00e4mme kysymyksiin: sanataideyhdistys.rapina(at)gmail.com<\/p>\n<p>Kirjamets\u00e4ll\u00e4 on <a href=\"https:\/\/drive.google.com\/drive\/folders\/10prPx-IzyJ6Oitp5NQXbmN4ElAvQKQwD?usp=sharing\">kuvapankki<\/a>, josta saa k\u00e4ytt\u00e4\u00e4 kuvia median tarkoituksiin.<\/p>\n","protected":false},"excerpt":{"rendered":"<p>Vastaamme mielell\u00e4mme kysymyksiin: sanataideyhdistys.rapina(at)gmail.com Kirjamets\u00e4ll\u00e4 on kuvapankki, josta saa k\u00e4ytt\u00e4\u00e4 kuvia median tarkoituksiin.<\/p>\n","protected":false},"author":1,"featured_media":0,"parent":0,"menu_order":0,"comment_status":"closed","ping_status":"closed","template":"","meta":{"footnotes":""},"class_list":["post-24","page","type-page","status-publish","hentry"],"yoast_head":"<!-- This site is optimized with the Yoast SEO plugin v26.7 - https:\/\/yoast.com\/wordpress\/plugins\/seo\/ -->\n<title>Medialle - Kirjamets\u00e4 \u2013 N\u00e4yttely kotimaisen kirjallisuuden taianomaisista metsist\u00e4<\/title>\n<meta name=\"robots\" content=\"index, follow, max-snippet:-1, max-image-preview:large, max-video-preview:-1\" \/>\n<link rel=\"canonical\" href=\"https:\/\/sanataideyhdistysrapina.com\/kirjametsa\/medialle\/\" \/>\n<meta property=\"og:locale\" content=\"fi_FI\" \/>\n<meta property=\"og:type\" content=\"article\" \/>\n<meta property=\"og:title\" content=\"Medialle - Kirjamets\u00e4 \u2013 N\u00e4yttely kotimaisen kirjallisuuden taianomaisista metsist\u00e4\" \/>\n<meta property=\"og:description\" content=\"Vastaamme mielell\u00e4mme kysymyksiin: sanataideyhdistys.rapina(at)gmail.com Kirjamets\u00e4ll\u00e4 on kuvapankki, josta saa k\u00e4ytt\u00e4\u00e4 kuvia median tarkoituksiin.\" \/>\n<meta property=\"og:url\" content=\"https:\/\/sanataideyhdistysrapina.com\/kirjametsa\/medialle\/\" \/>\n<meta property=\"og:site_name\" content=\"Kirjamets\u00e4 \u2013 N\u00e4yttely kotimaisen kirjallisuuden taianomaisista metsist\u00e4\" \/>\n<meta property=\"article:modified_time\" content=\"2023-01-17T18:58:21+00:00\" \/>\n<meta name=\"twitter:card\" content=\"summary_large_image\" \/>\n<meta name=\"twitter:label1\" content=\"Arvioitu lukuaika\" \/>\n\t<meta name=\"twitter:data1\" content=\"1 minuutti\" \/>\n<script type=\"application\/ld+json\" class=\"yoast-schema-graph\">{\"@context\":\"https:\/\/schema.org\",\"@graph\":[{\"@type\":\"WebPage\",\"@id\":\"https:\/\/sanataideyhdistysrapina.com\/kirjametsa\/medialle\/\",\"url\":\"https:\/\/sanataideyhdistysrapina.com\/kirjametsa\/medialle\/\",\"name\":\"Medialle - Kirjamets\u00e4 \u2013 N\u00e4yttely kotimaisen kirjallisuuden taianomaisista metsist\u00e4\",\"isPartOf\":{\"@id\":\"https:\/\/sanataideyhdistysrapina.com\/kirjametsa\/#website\"},\"datePublished\":\"2021-02-06T20:55:56+00:00\",\"dateModified\":\"2023-01-17T18:58:21+00:00\",\"breadcrumb\":{\"@id\":\"https:\/\/sanataideyhdistysrapina.com\/kirjametsa\/medialle\/#breadcrumb\"},\"inLanguage\":\"fi\",\"potentialAction\":[{\"@type\":\"ReadAction\",\"target\":[\"https:\/\/sanataideyhdistysrapina.com\/kirjametsa\/medialle\/\"]}]},{\"@type\":\"BreadcrumbList\",\"@id\":\"https:\/\/sanataideyhdistysrapina.com\/kirjametsa\/medialle\/#breadcrumb\",\"itemListElement\":[{\"@type\":\"ListItem\",\"position\":1,\"name\":\"Etusivu\",\"item\":\"https:\/\/sanataideyhdistysrapina.com\/kirjametsa\/\"},{\"@type\":\"ListItem\",\"position\":2,\"name\":\"Medialle\"}]},{\"@type\":\"WebSite\",\"@id\":\"https:\/\/sanataideyhdistysrapina.com\/kirjametsa\/#website\",\"url\":\"https:\/\/sanataideyhdistysrapina.com\/kirjametsa\/\",\"name\":\"Kirjamets\u00e4 \u2013 N\u00e4yttely kotimaisen kirjallisuuden taianomaisista metsist\u00e4\",\"description\":\"\",\"potentialAction\":[{\"@type\":\"SearchAction\",\"target\":{\"@type\":\"EntryPoint\",\"urlTemplate\":\"https:\/\/sanataideyhdistysrapina.com\/kirjametsa\/?s={search_term_string}\"},\"query-input\":{\"@type\":\"PropertyValueSpecification\",\"valueRequired\":true,\"valueName\":\"search_term_string\"}}],\"inLanguage\":\"fi\"}]}<\/script>\n<!-- \/ Yoast SEO plugin. -->","yoast_head_json":{"title":"Medialle - Kirjamets\u00e4 \u2013 N\u00e4yttely kotimaisen kirjallisuuden taianomaisista metsist\u00e4","robots":{"index":"index","follow":"follow","max-snippet":"max-snippet:-1","max-image-preview":"max-image-preview:large","max-video-preview":"max-video-preview:-1"},"canonical":"https:\/\/sanataideyhdistysrapina.com\/kirjametsa\/medialle\/","og_locale":"fi_FI","og_type":"article","og_title":"Medialle - Kirjamets\u00e4 \u2013 N\u00e4yttely kotimaisen kirjallisuuden taianomaisista metsist\u00e4","og_description":"Vastaamme mielell\u00e4mme kysymyksiin: sanataideyhdistys.rapina(at)gmail.com Kirjamets\u00e4ll\u00e4 on kuvapankki, josta saa k\u00e4ytt\u00e4\u00e4 kuvia median tarkoituksiin.","og_url":"https:\/\/sanataideyhdistysrapina.com\/kirjametsa\/medialle\/","og_site_name":"Kirjamets\u00e4 \u2013 N\u00e4yttely kotimaisen kirjallisuuden taianomaisista metsist\u00e4","article_modified_time":"2023-01-17T18:58:21+00:00","twitter_card":"summary_large_image","twitter_misc":{"Arvioitu lukuaika":"1 minuutti"},"schema":{"@context":"https:\/\/schema.org","@graph":[{"@type":"WebPage","@id":"https:\/\/sanataideyhdistysrapina.com\/kirjametsa\/medialle\/","url":"https:\/\/sanataideyhdistysrapina.com\/kirjametsa\/medialle\/","name":"Medialle - Kirjamets\u00e4 \u2013 N\u00e4yttely kotimaisen kirjallisuuden taianomaisista metsist\u00e4","isPartOf":{"@id":"https:\/\/sanataideyhdistysrapina.com\/kirjametsa\/#website"},"datePublished":"2021-02-06T20:55:56+00:00","dateModified":"2023-01-17T18:58:21+00:00","breadcrumb":{"@id":"https:\/\/sanataideyhdistysrapina.com\/kirjametsa\/medialle\/#breadcrumb"},"inLanguage":"fi","potentialAction":[{"@type":"ReadAction","target":["https:\/\/sanataideyhdistysrapina.com\/kirjametsa\/medialle\/"]}]},{"@type":"BreadcrumbList","@id":"https:\/\/sanataideyhdistysrapina.com\/kirjametsa\/medialle\/#breadcrumb","itemListElement":[{"@type":"ListItem","position":1,"name":"Etusivu","item":"https:\/\/sanataideyhdistysrapina.com\/kirjametsa\/"},{"@type":"ListItem","position":2,"name":"Medialle"}]},{"@type":"WebSite","@id":"https:\/\/sanataideyhdistysrapina.com\/kirjametsa\/#website","url":"https:\/\/sanataideyhdistysrapina.com\/kirjametsa\/","name":"Kirjamets\u00e4 \u2013 N\u00e4yttely kotimaisen kirjallisuuden taianomaisista metsist\u00e4","description":"","potentialAction":[{"@type":"SearchAction","target":{"@type":"EntryPoint","urlTemplate":"https:\/\/sanataideyhdistysrapina.com\/kirjametsa\/?s={search_term_string}"},"query-input":{"@type":"PropertyValueSpecification","valueRequired":true,"valueName":"search_term_string"}}],"inLanguage":"fi"}]}},"_links":{"self":[{"href":"https:\/\/sanataideyhdistysrapina.com\/kirjametsa\/wp-json\/wp\/v2\/pages\/24","targetHints":{"allow":["GET"]}}],"collection":[{"href":"https:\/\/sanataideyhdistysrapina.com\/kirjametsa\/wp-json\/wp\/v2\/pages"}],"about":[{"href":"https:\/\/sanataideyhdistysrapina.com\/kirjametsa\/wp-json\/wp\/v2\/types\/page"}],"author":[{"embeddable":true,"href":"https:\/\/sanataideyhdistysrapina.com\/kirjametsa\/wp-json\/wp\/v2\/users\/1"}],"replies":[{"embeddable":true,"href":"https:\/\/sanataideyhdistysrapina.com\/kirjametsa\/wp-json\/wp\/v2\/comments?post=24"}],"version-history":[{"count":6,"href":"https:\/\/sanataideyhdistysrapina.com\/kirjametsa\/wp-json\/wp\/v2\/pages\/24\/revisions"}],"predecessor-version":[{"id":396,"href":"https:\/\/sanataideyhdistysrapina.com\/kirjametsa\/wp-json\/wp\/v2\/pages\/24\/revisions\/396"}],"wp:attachment":[{"href":"https:\/\/sanataideyhdistysrapina.com\/kirjametsa\/wp-json\/wp\/v2\/media?parent=24"}],"curies":[{"name":"wp","href":"https:\/\/api.w.org\/{rel}","templated":true}]}}