{"id":22,"date":"2021-02-06T22:55:33","date_gmt":"2021-02-06T20:55:33","guid":{"rendered":"https:\/\/sanataideyhdistysrapina.com\/kirjametsa\/?page_id=22"},"modified":"2021-04-03T23:58:51","modified_gmt":"2021-04-03T20:58:51","slug":"ota-yhteytta","status":"publish","type":"page","link":"https:\/\/sanataideyhdistysrapina.com\/kirjametsa\/ota-yhteytta\/","title":{"rendered":"Ota yhteytt\u00e4"},"content":{"rendered":"<p>J\u00e4ik\u00f6 jotain mielen p\u00e4\u00e4lle? Haluatko kertoa kokemuksiasi n\u00e4yttelyst\u00e4 tai antaa palautetta kirjateht\u00e4vist\u00e4? On syy yhteydentottoon mik\u00e4 vain, Kirjamets\u00e4n ty\u00f6ryhm\u00e4n tavoittaa osoitteesta: sanataideyhdistys.rapina(at)gmail.com<\/p>\n<p>Seuraa my\u00f6s Keski-Suomen sanataideyhdistys Rapina ry:t\u00e4 somessa! Somekanavissa kerromme n\u00e4yttelykiertueen etenemisest\u00e4 ja infoamme muun muassa kaikille avoimista sanataidety\u00f6pajoista.<\/p>\n<p>Instagramista meid\u00e4t l\u00f6yt\u00e4\u00e4 k\u00e4ytt\u00e4j\u00e4nimen <a href=\"https:\/\/www.instagram.com\/rapina_ry\/\" target=\"_blank\" rel=\"noopener\">@rapina_ry<\/a> takaa, Facebook-sivumme l\u00f6ytyy nimell\u00e4 <a href=\"https:\/\/www.facebook.com\/sanataideyhdistysrapina\" target=\"_blank\" rel=\"noopener\">Keski-Suomen sanataideyhdistys Rapina ry<\/a>.<\/p>\n<p>&nbsp;<\/p>\n<h3><span style=\"color: #000000;\"><img loading=\"lazy\" decoding=\"async\" class=\"size-medium wp-image-64 aligncenter\" src=\"https:\/\/sanataideyhdistysrapina.com\/kirjametsa\/wp-content\/uploads\/sites\/3\/2021\/03\/Aarrearkku-valk.tausta-e1617207440264-300x259.png\" alt=\"\" width=\"300\" height=\"259\" srcset=\"https:\/\/sanataideyhdistysrapina.com\/kirjametsa\/wp-content\/uploads\/sites\/3\/2021\/03\/Aarrearkku-valk.tausta-e1617207440264-300x259.png 300w, https:\/\/sanataideyhdistysrapina.com\/kirjametsa\/wp-content\/uploads\/sites\/3\/2021\/03\/Aarrearkku-valk.tausta-e1617207440264-1024x883.png 1024w, https:\/\/sanataideyhdistysrapina.com\/kirjametsa\/wp-content\/uploads\/sites\/3\/2021\/03\/Aarrearkku-valk.tausta-e1617207440264-768x662.png 768w, https:\/\/sanataideyhdistysrapina.com\/kirjametsa\/wp-content\/uploads\/sites\/3\/2021\/03\/Aarrearkku-valk.tausta-e1617207440264.png 1400w\" sizes=\"auto, (max-width: 300px) 100vw, 300px\" \/><\/span><\/h3>\n","protected":false},"excerpt":{"rendered":"<p>J\u00e4ik\u00f6 jotain mielen p\u00e4\u00e4lle? Haluatko kertoa kokemuksiasi n\u00e4yttelyst\u00e4 tai antaa palautetta kirjateht\u00e4vist\u00e4? On syy yhteydentottoon mik\u00e4 vain, Kirjamets\u00e4n ty\u00f6ryhm\u00e4n tavoittaa osoitteesta: sanataideyhdistys.rapina(at)gmail.com Seuraa my\u00f6s Keski-Suomen sanataideyhdistys Rapina ry:t\u00e4 somessa! Somekanavissa kerromme n\u00e4yttelykiertueen etenemisest\u00e4 ja infoamme muun muassa kaikille avoimista sanataidety\u00f6pajoista.<\/p>\n","protected":false},"author":1,"featured_media":0,"parent":0,"menu_order":0,"comment_status":"closed","ping_status":"closed","template":"","meta":{"footnotes":""},"class_list":["post-22","page","type-page","status-publish","hentry"],"yoast_head":"<!-- This site is optimized with the Yoast SEO plugin v26.7 - https:\/\/yoast.com\/wordpress\/plugins\/seo\/ -->\n<title>Ota yhteytt\u00e4 - Kirjamets\u00e4 \u2013 N\u00e4yttely kotimaisen kirjallisuuden taianomaisista metsist\u00e4<\/title>\n<meta name=\"robots\" content=\"index, follow, max-snippet:-1, max-image-preview:large, max-video-preview:-1\" \/>\n<link rel=\"canonical\" href=\"https:\/\/sanataideyhdistysrapina.com\/kirjametsa\/ota-yhteytta\/\" \/>\n<meta property=\"og:locale\" content=\"fi_FI\" \/>\n<meta property=\"og:type\" content=\"article\" \/>\n<meta property=\"og:title\" content=\"Ota yhteytt\u00e4 - Kirjamets\u00e4 \u2013 N\u00e4yttely kotimaisen kirjallisuuden taianomaisista metsist\u00e4\" \/>\n<meta property=\"og:description\" content=\"J\u00e4ik\u00f6 jotain mielen p\u00e4\u00e4lle? Haluatko kertoa kokemuksiasi n\u00e4yttelyst\u00e4 tai antaa palautetta kirjateht\u00e4vist\u00e4? On syy yhteydentottoon mik\u00e4 vain, Kirjamets\u00e4n ty\u00f6ryhm\u00e4n tavoittaa osoitteesta: sanataideyhdistys.rapina(at)gmail.com Seuraa my\u00f6s Keski-Suomen sanataideyhdistys Rapina ry:t\u00e4 somessa! Somekanavissa kerromme n\u00e4yttelykiertueen etenemisest\u00e4 ja infoamme muun muassa kaikille avoimista sanataidety\u00f6pajoista.\" \/>\n<meta property=\"og:url\" content=\"https:\/\/sanataideyhdistysrapina.com\/kirjametsa\/ota-yhteytta\/\" \/>\n<meta property=\"og:site_name\" content=\"Kirjamets\u00e4 \u2013 N\u00e4yttely kotimaisen kirjallisuuden taianomaisista metsist\u00e4\" \/>\n<meta property=\"article:modified_time\" content=\"2021-04-03T20:58:51+00:00\" \/>\n<meta property=\"og:image\" content=\"https:\/\/sanataideyhdistysrapina.com\/kirjametsa\/wp-content\/uploads\/sites\/3\/2021\/03\/Aarrearkku-valk.tausta-e1617207440264-300x259.png\" \/>\n<meta name=\"twitter:card\" content=\"summary_large_image\" \/>\n<meta name=\"twitter:label1\" content=\"Arvioitu lukuaika\" \/>\n\t<meta name=\"twitter:data1\" content=\"1 minuutti\" \/>\n<script type=\"application\/ld+json\" class=\"yoast-schema-graph\">{\"@context\":\"https:\/\/schema.org\",\"@graph\":[{\"@type\":\"WebPage\",\"@id\":\"https:\/\/sanataideyhdistysrapina.com\/kirjametsa\/ota-yhteytta\/\",\"url\":\"https:\/\/sanataideyhdistysrapina.com\/kirjametsa\/ota-yhteytta\/\",\"name\":\"Ota yhteytt\u00e4 - Kirjamets\u00e4 \u2013 N\u00e4yttely kotimaisen kirjallisuuden taianomaisista metsist\u00e4\",\"isPartOf\":{\"@id\":\"https:\/\/sanataideyhdistysrapina.com\/kirjametsa\/#website\"},\"primaryImageOfPage\":{\"@id\":\"https:\/\/sanataideyhdistysrapina.com\/kirjametsa\/ota-yhteytta\/#primaryimage\"},\"image\":{\"@id\":\"https:\/\/sanataideyhdistysrapina.com\/kirjametsa\/ota-yhteytta\/#primaryimage\"},\"thumbnailUrl\":\"https:\/\/sanataideyhdistysrapina.com\/kirjametsa\/wp-content\/uploads\/sites\/3\/2021\/03\/Aarrearkku-valk.tausta-e1617207440264-300x259.png\",\"datePublished\":\"2021-02-06T20:55:33+00:00\",\"dateModified\":\"2021-04-03T20:58:51+00:00\",\"breadcrumb\":{\"@id\":\"https:\/\/sanataideyhdistysrapina.com\/kirjametsa\/ota-yhteytta\/#breadcrumb\"},\"inLanguage\":\"fi\",\"potentialAction\":[{\"@type\":\"ReadAction\",\"target\":[\"https:\/\/sanataideyhdistysrapina.com\/kirjametsa\/ota-yhteytta\/\"]}]},{\"@type\":\"ImageObject\",\"inLanguage\":\"fi\",\"@id\":\"https:\/\/sanataideyhdistysrapina.com\/kirjametsa\/ota-yhteytta\/#primaryimage\",\"url\":\"https:\/\/sanataideyhdistysrapina.com\/kirjametsa\/wp-content\/uploads\/sites\/3\/2021\/03\/Aarrearkku-valk.tausta-e1617207440264.png\",\"contentUrl\":\"https:\/\/sanataideyhdistysrapina.com\/kirjametsa\/wp-content\/uploads\/sites\/3\/2021\/03\/Aarrearkku-valk.tausta-e1617207440264.png\",\"width\":1400,\"height\":1207},{\"@type\":\"BreadcrumbList\",\"@id\":\"https:\/\/sanataideyhdistysrapina.com\/kirjametsa\/ota-yhteytta\/#breadcrumb\",\"itemListElement\":[{\"@type\":\"ListItem\",\"position\":1,\"name\":\"Etusivu\",\"item\":\"https:\/\/sanataideyhdistysrapina.com\/kirjametsa\/\"},{\"@type\":\"ListItem\",\"position\":2,\"name\":\"Ota yhteytt\u00e4\"}]},{\"@type\":\"WebSite\",\"@id\":\"https:\/\/sanataideyhdistysrapina.com\/kirjametsa\/#website\",\"url\":\"https:\/\/sanataideyhdistysrapina.com\/kirjametsa\/\",\"name\":\"Kirjamets\u00e4 \u2013 N\u00e4yttely kotimaisen kirjallisuuden taianomaisista metsist\u00e4\",\"description\":\"\",\"potentialAction\":[{\"@type\":\"SearchAction\",\"target\":{\"@type\":\"EntryPoint\",\"urlTemplate\":\"https:\/\/sanataideyhdistysrapina.com\/kirjametsa\/?s={search_term_string}\"},\"query-input\":{\"@type\":\"PropertyValueSpecification\",\"valueRequired\":true,\"valueName\":\"search_term_string\"}}],\"inLanguage\":\"fi\"}]}<\/script>\n<!-- \/ Yoast SEO plugin. -->","yoast_head_json":{"title":"Ota yhteytt\u00e4 - Kirjamets\u00e4 \u2013 N\u00e4yttely kotimaisen kirjallisuuden taianomaisista metsist\u00e4","robots":{"index":"index","follow":"follow","max-snippet":"max-snippet:-1","max-image-preview":"max-image-preview:large","max-video-preview":"max-video-preview:-1"},"canonical":"https:\/\/sanataideyhdistysrapina.com\/kirjametsa\/ota-yhteytta\/","og_locale":"fi_FI","og_type":"article","og_title":"Ota yhteytt\u00e4 - Kirjamets\u00e4 \u2013 N\u00e4yttely kotimaisen kirjallisuuden taianomaisista metsist\u00e4","og_description":"J\u00e4ik\u00f6 jotain mielen p\u00e4\u00e4lle? Haluatko kertoa kokemuksiasi n\u00e4yttelyst\u00e4 tai antaa palautetta kirjateht\u00e4vist\u00e4? On syy yhteydentottoon mik\u00e4 vain, Kirjamets\u00e4n ty\u00f6ryhm\u00e4n tavoittaa osoitteesta: sanataideyhdistys.rapina(at)gmail.com Seuraa my\u00f6s Keski-Suomen sanataideyhdistys Rapina ry:t\u00e4 somessa! Somekanavissa kerromme n\u00e4yttelykiertueen etenemisest\u00e4 ja infoamme muun muassa kaikille avoimista sanataidety\u00f6pajoista.","og_url":"https:\/\/sanataideyhdistysrapina.com\/kirjametsa\/ota-yhteytta\/","og_site_name":"Kirjamets\u00e4 \u2013 N\u00e4yttely kotimaisen kirjallisuuden taianomaisista metsist\u00e4","article_modified_time":"2021-04-03T20:58:51+00:00","og_image":[{"url":"https:\/\/sanataideyhdistysrapina.com\/kirjametsa\/wp-content\/uploads\/sites\/3\/2021\/03\/Aarrearkku-valk.tausta-e1617207440264-300x259.png","type":"","width":"","height":""}],"twitter_card":"summary_large_image","twitter_misc":{"Arvioitu lukuaika":"1 minuutti"},"schema":{"@context":"https:\/\/schema.org","@graph":[{"@type":"WebPage","@id":"https:\/\/sanataideyhdistysrapina.com\/kirjametsa\/ota-yhteytta\/","url":"https:\/\/sanataideyhdistysrapina.com\/kirjametsa\/ota-yhteytta\/","name":"Ota yhteytt\u00e4 - Kirjamets\u00e4 \u2013 N\u00e4yttely kotimaisen kirjallisuuden taianomaisista metsist\u00e4","isPartOf":{"@id":"https:\/\/sanataideyhdistysrapina.com\/kirjametsa\/#website"},"primaryImageOfPage":{"@id":"https:\/\/sanataideyhdistysrapina.com\/kirjametsa\/ota-yhteytta\/#primaryimage"},"image":{"@id":"https:\/\/sanataideyhdistysrapina.com\/kirjametsa\/ota-yhteytta\/#primaryimage"},"thumbnailUrl":"https:\/\/sanataideyhdistysrapina.com\/kirjametsa\/wp-content\/uploads\/sites\/3\/2021\/03\/Aarrearkku-valk.tausta-e1617207440264-300x259.png","datePublished":"2021-02-06T20:55:33+00:00","dateModified":"2021-04-03T20:58:51+00:00","breadcrumb":{"@id":"https:\/\/sanataideyhdistysrapina.com\/kirjametsa\/ota-yhteytta\/#breadcrumb"},"inLanguage":"fi","potentialAction":[{"@type":"ReadAction","target":["https:\/\/sanataideyhdistysrapina.com\/kirjametsa\/ota-yhteytta\/"]}]},{"@type":"ImageObject","inLanguage":"fi","@id":"https:\/\/sanataideyhdistysrapina.com\/kirjametsa\/ota-yhteytta\/#primaryimage","url":"https:\/\/sanataideyhdistysrapina.com\/kirjametsa\/wp-content\/uploads\/sites\/3\/2021\/03\/Aarrearkku-valk.tausta-e1617207440264.png","contentUrl":"https:\/\/sanataideyhdistysrapina.com\/kirjametsa\/wp-content\/uploads\/sites\/3\/2021\/03\/Aarrearkku-valk.tausta-e1617207440264.png","width":1400,"height":1207},{"@type":"BreadcrumbList","@id":"https:\/\/sanataideyhdistysrapina.com\/kirjametsa\/ota-yhteytta\/#breadcrumb","itemListElement":[{"@type":"ListItem","position":1,"name":"Etusivu","item":"https:\/\/sanataideyhdistysrapina.com\/kirjametsa\/"},{"@type":"ListItem","position":2,"name":"Ota yhteytt\u00e4"}]},{"@type":"WebSite","@id":"https:\/\/sanataideyhdistysrapina.com\/kirjametsa\/#website","url":"https:\/\/sanataideyhdistysrapina.com\/kirjametsa\/","name":"Kirjamets\u00e4 \u2013 N\u00e4yttely kotimaisen kirjallisuuden taianomaisista metsist\u00e4","description":"","potentialAction":[{"@type":"SearchAction","target":{"@type":"EntryPoint","urlTemplate":"https:\/\/sanataideyhdistysrapina.com\/kirjametsa\/?s={search_term_string}"},"query-input":{"@type":"PropertyValueSpecification","valueRequired":true,"valueName":"search_term_string"}}],"inLanguage":"fi"}]}},"_links":{"self":[{"href":"https:\/\/sanataideyhdistysrapina.com\/kirjametsa\/wp-json\/wp\/v2\/pages\/22","targetHints":{"allow":["GET"]}}],"collection":[{"href":"https:\/\/sanataideyhdistysrapina.com\/kirjametsa\/wp-json\/wp\/v2\/pages"}],"about":[{"href":"https:\/\/sanataideyhdistysrapina.com\/kirjametsa\/wp-json\/wp\/v2\/types\/page"}],"author":[{"embeddable":true,"href":"https:\/\/sanataideyhdistysrapina.com\/kirjametsa\/wp-json\/wp\/v2\/users\/1"}],"replies":[{"embeddable":true,"href":"https:\/\/sanataideyhdistysrapina.com\/kirjametsa\/wp-json\/wp\/v2\/comments?post=22"}],"version-history":[{"count":10,"href":"https:\/\/sanataideyhdistysrapina.com\/kirjametsa\/wp-json\/wp\/v2\/pages\/22\/revisions"}],"predecessor-version":[{"id":265,"href":"https:\/\/sanataideyhdistysrapina.com\/kirjametsa\/wp-json\/wp\/v2\/pages\/22\/revisions\/265"}],"wp:attachment":[{"href":"https:\/\/sanataideyhdistysrapina.com\/kirjametsa\/wp-json\/wp\/v2\/media?parent=22"}],"curies":[{"name":"wp","href":"https:\/\/api.w.org\/{rel}","templated":true}]}}