{"id":18,"date":"2021-02-06T22:54:55","date_gmt":"2021-02-06T20:54:55","guid":{"rendered":"https:\/\/sanataideyhdistysrapina.com\/kirjametsa\/?page_id=18"},"modified":"2021-04-04T12:25:26","modified_gmt":"2021-04-04T09:25:26","slug":"lisalukemista","status":"publish","type":"page","link":"https:\/\/sanataideyhdistysrapina.com\/kirjametsa\/lisalukemista\/","title":{"rendered":"Lis\u00e4lukemista"},"content":{"rendered":"<p><b><img loading=\"lazy\" decoding=\"async\" class=\"alignright size-medium wp-image-67\" src=\"https:\/\/sanataideyhdistysrapina.com\/kirjametsa\/wp-content\/uploads\/sites\/3\/2021\/03\/Kukat-valk.tausta-300x300.png\" alt=\"\" width=\"300\" height=\"300\" srcset=\"https:\/\/sanataideyhdistysrapina.com\/kirjametsa\/wp-content\/uploads\/sites\/3\/2021\/03\/Kukat-valk.tausta-300x300.png 300w, https:\/\/sanataideyhdistysrapina.com\/kirjametsa\/wp-content\/uploads\/sites\/3\/2021\/03\/Kukat-valk.tausta-1024x1024.png 1024w, https:\/\/sanataideyhdistysrapina.com\/kirjametsa\/wp-content\/uploads\/sites\/3\/2021\/03\/Kukat-valk.tausta-150x150.png 150w, https:\/\/sanataideyhdistysrapina.com\/kirjametsa\/wp-content\/uploads\/sites\/3\/2021\/03\/Kukat-valk.tausta-768x768.png 768w, https:\/\/sanataideyhdistysrapina.com\/kirjametsa\/wp-content\/uploads\/sites\/3\/2021\/03\/Kukat-valk.tausta-270x270.png 270w, https:\/\/sanataideyhdistysrapina.com\/kirjametsa\/wp-content\/uploads\/sites\/3\/2021\/03\/Kukat-valk.tausta-230x230.png 230w, https:\/\/sanataideyhdistysrapina.com\/kirjametsa\/wp-content\/uploads\/sites\/3\/2021\/03\/Kukat-valk.tausta.png 1400w\" sizes=\"auto, (max-width: 300px) 100vw, 300px\" \/><\/b><span style=\"font-weight: 400;\">Kaikki upeat kotimaiset taikametsi\u00e4 tai metsien mystisi\u00e4 olentoja k\u00e4sittelev\u00e4t kirjat eiv\u00e4t mahtuneet Kirjamets\u00e4-n\u00e4yttelyn n\u00e4yttelykirjallisuuteen. Listasimme muutamia opuksia, joiden avulla voit sukeltaa uusiin seikkailuihin ja syvent\u00e4\u00e4 taianomaista mets\u00e4retke\u00e4 Kirjamets\u00e4-n\u00e4yttelyn kirjojen lukemisen j\u00e4lkeen.<\/span><\/p>\n<h2><span style=\"font-weight: 400;\">Tietokirjoja lapsille<\/span><\/h2>\n<ul>\n<li style=\"font-weight: 400;\" aria-level=\"1\"><span style=\"font-weight: 400;\">Titta Kuisma &amp; Laila Nevakivi: Lapsen oma mets\u00e4kirja (Minerva 2020)<\/span><\/li>\n<li style=\"font-weight: 400;\" aria-level=\"1\"><span style=\"font-weight: 400;\">Marjut Hjelt &amp; Christer Nuutinen: Maanv\u00e4ki (SKS 2014)<\/span><\/li>\n<li style=\"font-weight: 400;\" aria-level=\"1\"><span style=\"font-weight: 400;\">Leena Laulajainen &amp; Ulla Vaajakallio: Mets\u00e4n mesik\u00e4mmen. Lasten karhukirja. (Lasten Keskus 2010)<\/span><\/li>\n<li style=\"font-weight: 400;\" aria-level=\"1\"><span style=\"font-weight: 400;\">Marjut Hjelt &amp; Jaana Aalto: Taikamets\u00e4. Tarinoita ja taikoja suomalaisesta mets\u00e4st\u00e4 (Salakirjat 2000)<\/span><\/li>\n<li style=\"font-weight: 400;\" aria-level=\"1\"><span style=\"font-weight: 400;\">Eero Ojanen &amp; Sirkku Linnea: Suomen myyttiset el\u00e4imet (Minerva 2019)<\/span><\/li>\n<\/ul>\n<h2><span style=\"font-weight: 400;\">Kuvakirjoja<\/span><\/h2>\n<ul>\n<li style=\"font-weight: 400;\" aria-level=\"1\"><span style=\"font-weight: 400;\">Virpi Penna: Perhosten polku (Tammi 2009)<\/span><\/li>\n<li style=\"font-weight: 400;\" aria-level=\"1\"><span style=\"font-weight: 400;\">Leea Simola: Siri ja er\u00e4maan kutsu (Myllylahti 2018)<\/span><\/li>\n<li style=\"font-weight: 400;\" aria-level=\"1\"><span style=\"font-weight: 400;\">Emilia Erfving: Kasa (Lasten Keskus 2020)<\/span><\/li>\n<li style=\"font-weight: 400;\" aria-level=\"1\"><span style=\"font-weight: 400;\">Ville Hyt\u00f6nen &amp; Pete Revonkorpi: Pikku-Matelin laulu (Enostone 2019)<\/span><\/li>\n<li style=\"font-weight: 400;\" aria-level=\"1\"><span style=\"font-weight: 400;\">Sanna Jaatinen (toim.) &amp; Christel R\u00f6nns: Neulaspolku (Otava 2001)<\/span><\/li>\n<li style=\"font-weight: 400;\" aria-level=\"1\"><span style=\"font-weight: 400;\">Hannele Mikaela Taivassalo ja Lena Fr\u00f6lander-Ulf: M\u00f6rkerboken (suom. Henriikka Tavi, H\u00e4m\u00e4r\u00e4kirja, 2008)<\/span><\/li>\n<li style=\"font-weight: 400;\" aria-level=\"1\"><span style=\"font-weight: 400;\">Marko Laihinen &amp; Elina Jasu: Mulu \u2013 Lapsi joka toi mets\u00e4n takaisin (Puukenkki Kustannus 2020)<\/span><\/li>\n<\/ul>\n<h2><span style=\"font-weight: 400;\">Alakouluun<\/span><\/h2>\n<ul>\n<li style=\"font-weight: 400;\" aria-level=\"1\"><span style=\"font-weight: 400;\">Timo Parvela: Ella ja kaverit menev\u00e4t mets\u00e4\u00e4n (Tammi 2013)<\/span><\/li>\n<li style=\"font-weight: 400;\" aria-level=\"1\"><span style=\"font-weight: 400;\">Iiro K\u00fcttner &amp; Ville Tiet\u00e4v\u00e4inen: Puusepp\u00e4 (Books North 2014)\u00a0<\/span><\/li>\n<li style=\"font-weight: 400;\" aria-level=\"1\"><span style=\"font-weight: 400;\">Julia Savtchenko: Salainen sienikirja \u2013\u00a0Professori Funguksen kadonneet muistiinpanot (Karisto 2014)<\/span><\/li>\n<li style=\"font-weight: 400;\" aria-level=\"1\"><span style=\"font-weight: 400;\">Yrj\u00f6 Kokko: Pessi ja Illusia (WSOY 1944)<\/span><\/li>\n<li style=\"font-weight: 400;\" aria-level=\"1\"><span style=\"font-weight: 400;\">Tuula Aaltonen &amp; Miranda Mord: Pikkuv\u00e4en poluilla (Haamu 2016)<\/span><\/li>\n<li style=\"font-weight: 400;\" aria-level=\"1\"><span style=\"font-weight: 400;\">Arja Puikkonen &amp; Emma Puikkonen: \u00c4\u00e4nih\u00e4kki (Otava 2017)\u00a0<\/span><\/li>\n<\/ul>\n<h2><span style=\"font-weight: 400;\">Nuorille ja aikuisille<\/span><\/h2>\n<ul>\n<li aria-level=\"1\"><span style=\"font-weight: 400;\">Elina Pitk\u00e4kangas: Kuura (Myllylahti 2016)<\/span><\/li>\n<li aria-level=\"1\"><span style=\"font-weight: 400;\">Elina Pitk\u00e4kangas: Hukan perim\u00e4t (Myllylahti 2020)<\/span><\/li>\n<li aria-level=\"1\"><span style=\"font-weight: 400;\">Anne Leinonen: Kirjanoita (WSOY 2017)<\/span><\/li>\n<li aria-level=\"1\"><span style=\"font-weight: 400;\">Anne Leinonen: Noitakirja (WSOY 2018)<\/span><\/li>\n<li aria-level=\"1\"><span style=\"font-weight: 400;\">Virpi Saarinen: J\u00e4\u00e4linnun sulka (Otava 2005)<\/span><\/li>\n<li aria-level=\"1\"><span style=\"font-weight: 400;\">Satu Leisko: Unohtunut maa (selkokirja) (Oppimateriaalikeskus Opike 2014)<\/span><\/li>\n<li aria-level=\"1\"><span style=\"font-weight: 400;\">Johanna Sinisalo: Ennen p\u00e4iv\u00e4nlaskua ei voi (Tammi 2000)\u00a0<\/span><\/li>\n<li aria-level=\"1\"><span style=\"font-weight: 400;\">Essi Kummu: Karhun kuolema (Tammi 2010)<\/span><\/li>\n<li aria-level=\"1\"><span style=\"font-weight: 400;\">Annika Luther: Kadotettu mets\u00e4 (Otava 2005, suom. Rauni Hukka)<\/span><\/li>\n<\/ul>\n","protected":false},"excerpt":{"rendered":"<p>Kaikki upeat kotimaiset taikametsi\u00e4 tai metsien mystisi\u00e4 olentoja k\u00e4sittelev\u00e4t kirjat eiv\u00e4t mahtuneet Kirjamets\u00e4-n\u00e4yttelyn n\u00e4yttelykirjallisuuteen. Listasimme muutamia opuksia, joiden avulla voit sukeltaa uusiin seikkailuihin ja syvent\u00e4\u00e4 taianomaista mets\u00e4retke\u00e4 Kirjamets\u00e4-n\u00e4yttelyn kirjojen lukemisen j\u00e4lkeen. Tietokirjoja lapsille Titta Kuisma &amp; Laila Nevakivi: Lapsen oma<\/p>\n","protected":false},"author":1,"featured_media":0,"parent":0,"menu_order":0,"comment_status":"closed","ping_status":"closed","template":"","meta":{"footnotes":""},"class_list":["post-18","page","type-page","status-publish","hentry"],"yoast_head":"<!-- This site is optimized with the Yoast SEO plugin v26.7 - https:\/\/yoast.com\/wordpress\/plugins\/seo\/ -->\n<title>Lis\u00e4lukemista - Kirjamets\u00e4 \u2013 N\u00e4yttely kotimaisen kirjallisuuden taianomaisista metsist\u00e4<\/title>\n<meta name=\"robots\" content=\"index, follow, max-snippet:-1, max-image-preview:large, max-video-preview:-1\" \/>\n<link rel=\"canonical\" href=\"https:\/\/sanataideyhdistysrapina.com\/kirjametsa\/lisalukemista\/\" \/>\n<meta property=\"og:locale\" content=\"fi_FI\" \/>\n<meta property=\"og:type\" content=\"article\" \/>\n<meta property=\"og:title\" content=\"Lis\u00e4lukemista - Kirjamets\u00e4 \u2013 N\u00e4yttely kotimaisen kirjallisuuden taianomaisista metsist\u00e4\" \/>\n<meta property=\"og:description\" content=\"Kaikki upeat kotimaiset taikametsi\u00e4 tai metsien mystisi\u00e4 olentoja k\u00e4sittelev\u00e4t kirjat eiv\u00e4t mahtuneet Kirjamets\u00e4-n\u00e4yttelyn n\u00e4yttelykirjallisuuteen. Listasimme muutamia opuksia, joiden avulla voit sukeltaa uusiin seikkailuihin ja syvent\u00e4\u00e4 taianomaista mets\u00e4retke\u00e4 Kirjamets\u00e4-n\u00e4yttelyn kirjojen lukemisen j\u00e4lkeen. Tietokirjoja lapsille Titta Kuisma &amp; Laila Nevakivi: Lapsen oma\" \/>\n<meta property=\"og:url\" content=\"https:\/\/sanataideyhdistysrapina.com\/kirjametsa\/lisalukemista\/\" \/>\n<meta property=\"og:site_name\" content=\"Kirjamets\u00e4 \u2013 N\u00e4yttely kotimaisen kirjallisuuden taianomaisista metsist\u00e4\" \/>\n<meta property=\"article:modified_time\" content=\"2021-04-04T09:25:26+00:00\" \/>\n<meta property=\"og:image\" content=\"https:\/\/sanataideyhdistysrapina.com\/kirjametsa\/wp-content\/uploads\/sites\/3\/2021\/03\/Kukat-valk.tausta-300x300.png\" \/>\n<meta name=\"twitter:card\" content=\"summary_large_image\" \/>\n<meta name=\"twitter:label1\" content=\"Arvioitu lukuaika\" \/>\n\t<meta name=\"twitter:data1\" content=\"2 minuuttia\" \/>\n<script type=\"application\/ld+json\" class=\"yoast-schema-graph\">{\"@context\":\"https:\/\/schema.org\",\"@graph\":[{\"@type\":\"WebPage\",\"@id\":\"https:\/\/sanataideyhdistysrapina.com\/kirjametsa\/lisalukemista\/\",\"url\":\"https:\/\/sanataideyhdistysrapina.com\/kirjametsa\/lisalukemista\/\",\"name\":\"Lis\u00e4lukemista - Kirjamets\u00e4 \u2013 N\u00e4yttely kotimaisen kirjallisuuden taianomaisista metsist\u00e4\",\"isPartOf\":{\"@id\":\"https:\/\/sanataideyhdistysrapina.com\/kirjametsa\/#website\"},\"primaryImageOfPage\":{\"@id\":\"https:\/\/sanataideyhdistysrapina.com\/kirjametsa\/lisalukemista\/#primaryimage\"},\"image\":{\"@id\":\"https:\/\/sanataideyhdistysrapina.com\/kirjametsa\/lisalukemista\/#primaryimage\"},\"thumbnailUrl\":\"https:\/\/sanataideyhdistysrapina.com\/kirjametsa\/wp-content\/uploads\/sites\/3\/2021\/03\/Kukat-valk.tausta-300x300.png\",\"datePublished\":\"2021-02-06T20:54:55+00:00\",\"dateModified\":\"2021-04-04T09:25:26+00:00\",\"breadcrumb\":{\"@id\":\"https:\/\/sanataideyhdistysrapina.com\/kirjametsa\/lisalukemista\/#breadcrumb\"},\"inLanguage\":\"fi\",\"potentialAction\":[{\"@type\":\"ReadAction\",\"target\":[\"https:\/\/sanataideyhdistysrapina.com\/kirjametsa\/lisalukemista\/\"]}]},{\"@type\":\"ImageObject\",\"inLanguage\":\"fi\",\"@id\":\"https:\/\/sanataideyhdistysrapina.com\/kirjametsa\/lisalukemista\/#primaryimage\",\"url\":\"https:\/\/sanataideyhdistysrapina.com\/kirjametsa\/wp-content\/uploads\/sites\/3\/2021\/03\/Kukat-valk.tausta.png\",\"contentUrl\":\"https:\/\/sanataideyhdistysrapina.com\/kirjametsa\/wp-content\/uploads\/sites\/3\/2021\/03\/Kukat-valk.tausta.png\",\"width\":1400,\"height\":1400},{\"@type\":\"BreadcrumbList\",\"@id\":\"https:\/\/sanataideyhdistysrapina.com\/kirjametsa\/lisalukemista\/#breadcrumb\",\"itemListElement\":[{\"@type\":\"ListItem\",\"position\":1,\"name\":\"Etusivu\",\"item\":\"https:\/\/sanataideyhdistysrapina.com\/kirjametsa\/\"},{\"@type\":\"ListItem\",\"position\":2,\"name\":\"Lis\u00e4lukemista\"}]},{\"@type\":\"WebSite\",\"@id\":\"https:\/\/sanataideyhdistysrapina.com\/kirjametsa\/#website\",\"url\":\"https:\/\/sanataideyhdistysrapina.com\/kirjametsa\/\",\"name\":\"Kirjamets\u00e4 \u2013 N\u00e4yttely kotimaisen kirjallisuuden taianomaisista metsist\u00e4\",\"description\":\"\",\"potentialAction\":[{\"@type\":\"SearchAction\",\"target\":{\"@type\":\"EntryPoint\",\"urlTemplate\":\"https:\/\/sanataideyhdistysrapina.com\/kirjametsa\/?s={search_term_string}\"},\"query-input\":{\"@type\":\"PropertyValueSpecification\",\"valueRequired\":true,\"valueName\":\"search_term_string\"}}],\"inLanguage\":\"fi\"}]}<\/script>\n<!-- \/ Yoast SEO plugin. -->","yoast_head_json":{"title":"Lis\u00e4lukemista - Kirjamets\u00e4 \u2013 N\u00e4yttely kotimaisen kirjallisuuden taianomaisista metsist\u00e4","robots":{"index":"index","follow":"follow","max-snippet":"max-snippet:-1","max-image-preview":"max-image-preview:large","max-video-preview":"max-video-preview:-1"},"canonical":"https:\/\/sanataideyhdistysrapina.com\/kirjametsa\/lisalukemista\/","og_locale":"fi_FI","og_type":"article","og_title":"Lis\u00e4lukemista - Kirjamets\u00e4 \u2013 N\u00e4yttely kotimaisen kirjallisuuden taianomaisista metsist\u00e4","og_description":"Kaikki upeat kotimaiset taikametsi\u00e4 tai metsien mystisi\u00e4 olentoja k\u00e4sittelev\u00e4t kirjat eiv\u00e4t mahtuneet Kirjamets\u00e4-n\u00e4yttelyn n\u00e4yttelykirjallisuuteen. Listasimme muutamia opuksia, joiden avulla voit sukeltaa uusiin seikkailuihin ja syvent\u00e4\u00e4 taianomaista mets\u00e4retke\u00e4 Kirjamets\u00e4-n\u00e4yttelyn kirjojen lukemisen j\u00e4lkeen. Tietokirjoja lapsille Titta Kuisma &amp; Laila Nevakivi: Lapsen oma","og_url":"https:\/\/sanataideyhdistysrapina.com\/kirjametsa\/lisalukemista\/","og_site_name":"Kirjamets\u00e4 \u2013 N\u00e4yttely kotimaisen kirjallisuuden taianomaisista metsist\u00e4","article_modified_time":"2021-04-04T09:25:26+00:00","og_image":[{"url":"https:\/\/sanataideyhdistysrapina.com\/kirjametsa\/wp-content\/uploads\/sites\/3\/2021\/03\/Kukat-valk.tausta-300x300.png","type":"","width":"","height":""}],"twitter_card":"summary_large_image","twitter_misc":{"Arvioitu lukuaika":"2 minuuttia"},"schema":{"@context":"https:\/\/schema.org","@graph":[{"@type":"WebPage","@id":"https:\/\/sanataideyhdistysrapina.com\/kirjametsa\/lisalukemista\/","url":"https:\/\/sanataideyhdistysrapina.com\/kirjametsa\/lisalukemista\/","name":"Lis\u00e4lukemista - Kirjamets\u00e4 \u2013 N\u00e4yttely kotimaisen kirjallisuuden taianomaisista metsist\u00e4","isPartOf":{"@id":"https:\/\/sanataideyhdistysrapina.com\/kirjametsa\/#website"},"primaryImageOfPage":{"@id":"https:\/\/sanataideyhdistysrapina.com\/kirjametsa\/lisalukemista\/#primaryimage"},"image":{"@id":"https:\/\/sanataideyhdistysrapina.com\/kirjametsa\/lisalukemista\/#primaryimage"},"thumbnailUrl":"https:\/\/sanataideyhdistysrapina.com\/kirjametsa\/wp-content\/uploads\/sites\/3\/2021\/03\/Kukat-valk.tausta-300x300.png","datePublished":"2021-02-06T20:54:55+00:00","dateModified":"2021-04-04T09:25:26+00:00","breadcrumb":{"@id":"https:\/\/sanataideyhdistysrapina.com\/kirjametsa\/lisalukemista\/#breadcrumb"},"inLanguage":"fi","potentialAction":[{"@type":"ReadAction","target":["https:\/\/sanataideyhdistysrapina.com\/kirjametsa\/lisalukemista\/"]}]},{"@type":"ImageObject","inLanguage":"fi","@id":"https:\/\/sanataideyhdistysrapina.com\/kirjametsa\/lisalukemista\/#primaryimage","url":"https:\/\/sanataideyhdistysrapina.com\/kirjametsa\/wp-content\/uploads\/sites\/3\/2021\/03\/Kukat-valk.tausta.png","contentUrl":"https:\/\/sanataideyhdistysrapina.com\/kirjametsa\/wp-content\/uploads\/sites\/3\/2021\/03\/Kukat-valk.tausta.png","width":1400,"height":1400},{"@type":"BreadcrumbList","@id":"https:\/\/sanataideyhdistysrapina.com\/kirjametsa\/lisalukemista\/#breadcrumb","itemListElement":[{"@type":"ListItem","position":1,"name":"Etusivu","item":"https:\/\/sanataideyhdistysrapina.com\/kirjametsa\/"},{"@type":"ListItem","position":2,"name":"Lis\u00e4lukemista"}]},{"@type":"WebSite","@id":"https:\/\/sanataideyhdistysrapina.com\/kirjametsa\/#website","url":"https:\/\/sanataideyhdistysrapina.com\/kirjametsa\/","name":"Kirjamets\u00e4 \u2013 N\u00e4yttely kotimaisen kirjallisuuden taianomaisista metsist\u00e4","description":"","potentialAction":[{"@type":"SearchAction","target":{"@type":"EntryPoint","urlTemplate":"https:\/\/sanataideyhdistysrapina.com\/kirjametsa\/?s={search_term_string}"},"query-input":{"@type":"PropertyValueSpecification","valueRequired":true,"valueName":"search_term_string"}}],"inLanguage":"fi"}]}},"_links":{"self":[{"href":"https:\/\/sanataideyhdistysrapina.com\/kirjametsa\/wp-json\/wp\/v2\/pages\/18","targetHints":{"allow":["GET"]}}],"collection":[{"href":"https:\/\/sanataideyhdistysrapina.com\/kirjametsa\/wp-json\/wp\/v2\/pages"}],"about":[{"href":"https:\/\/sanataideyhdistysrapina.com\/kirjametsa\/wp-json\/wp\/v2\/types\/page"}],"author":[{"embeddable":true,"href":"https:\/\/sanataideyhdistysrapina.com\/kirjametsa\/wp-json\/wp\/v2\/users\/1"}],"replies":[{"embeddable":true,"href":"https:\/\/sanataideyhdistysrapina.com\/kirjametsa\/wp-json\/wp\/v2\/comments?post=18"}],"version-history":[{"count":6,"href":"https:\/\/sanataideyhdistysrapina.com\/kirjametsa\/wp-json\/wp\/v2\/pages\/18\/revisions"}],"predecessor-version":[{"id":287,"href":"https:\/\/sanataideyhdistysrapina.com\/kirjametsa\/wp-json\/wp\/v2\/pages\/18\/revisions\/287"}],"wp:attachment":[{"href":"https:\/\/sanataideyhdistysrapina.com\/kirjametsa\/wp-json\/wp\/v2\/media?parent=18"}],"curies":[{"name":"wp","href":"https:\/\/api.w.org\/{rel}","templated":true}]}}