{"id":12,"date":"2021-02-06T22:54:01","date_gmt":"2021-02-06T20:54:01","guid":{"rendered":"https:\/\/sanataideyhdistysrapina.com\/kirjametsa\/?page_id=12"},"modified":"2023-01-17T21:14:15","modified_gmt":"2023-01-17T19:14:15","slug":"nayttelyinfo","status":"publish","type":"page","link":"https:\/\/sanataideyhdistysrapina.com\/kirjametsa\/nayttelyinfo\/","title":{"rendered":"N\u00e4yttelyinfo"},"content":{"rendered":"<p><span style=\"font-weight: 400;\"><img loading=\"lazy\" decoding=\"async\" class=\"alignright wp-image-68 size-medium\" src=\"https:\/\/sanataideyhdistysrapina.com\/kirjametsa\/wp-content\/uploads\/sites\/3\/2021\/03\/Sienimetsa\u0308-valk.tausta-e1617206590410-300x237.png\" alt=\"\" width=\"300\" height=\"237\" srcset=\"https:\/\/sanataideyhdistysrapina.com\/kirjametsa\/wp-content\/uploads\/sites\/3\/2021\/03\/Sienimetsa\u0308-valk.tausta-e1617206590410-300x237.png 300w, https:\/\/sanataideyhdistysrapina.com\/kirjametsa\/wp-content\/uploads\/sites\/3\/2021\/03\/Sienimetsa\u0308-valk.tausta-e1617206590410-1024x809.png 1024w, https:\/\/sanataideyhdistysrapina.com\/kirjametsa\/wp-content\/uploads\/sites\/3\/2021\/03\/Sienimetsa\u0308-valk.tausta-e1617206590410-768x607.png 768w, https:\/\/sanataideyhdistysrapina.com\/kirjametsa\/wp-content\/uploads\/sites\/3\/2021\/03\/Sienimetsa\u0308-valk.tausta-e1617206590410.png 1400w\" sizes=\"auto, (max-width: 300px) 100vw, 300px\" \/>N\u00e4yttely on tullut p\u00e4\u00e4t\u00f6kseens\u00e4.<\/span><\/p>\n<p><span style=\"font-weight: 400;\">N\u00e4yttely kiersi Keski-Suomessa:\u00a0<\/span><\/p>\n<ul>\n<li aria-level=\"1\">Jyv\u00e4skyl\u00e4 31.5.2021\u201330.10.2021<\/li>\n<li style=\"font-weight: 400;\" aria-level=\"1\">Keuruu 8.11.2021\u20138.1.2022<\/li>\n<li style=\"font-weight: 400;\" aria-level=\"1\">Muurame 15.1.2022\u201330.4.2022<\/li>\n<li style=\"font-weight: 400;\" aria-level=\"1\">J\u00e4ms\u00e4 1.6.\u20138.9.2022<\/li>\n<\/ul>\n<h2><span style=\"color: #000000;\">N\u00e4yttelyn taustoista<\/span><\/h2>\n<p><span style=\"font-weight: 400;\">Kirjamets\u00e4 on Keski-Suomen kirjastoissa kiert\u00e4v\u00e4 interaktiivinen, el\u00e4myksellinen ja monitaiteinen n\u00e4yttely, jonka teema on kotimaisen kirjallisuuden taianomaiset mets\u00e4t. N\u00e4yttely kurkistaa melkein 30 kotimaisen kirjan metsiin, maailmoihin ja tarinoihin. N\u00e4yttelykirjallisuudessa painottuvat lasten- ja nuortenkirjallisuus mutta my\u00f6s aikuiset l\u00f6yt\u00e4v\u00e4t n\u00e4yttelykirjallisuudesta kiinnostavaa luettavaa.\u00a0<\/span><\/p>\n<p><span style=\"font-weight: 400;\">N\u00e4yttelyn juuret ovat KAUK- eli Kirja Astuu Ulos Kansistaan -menetelm\u00e4ss\u00e4. KAUK on ty\u00f6tapa, jossa kirjallisuuden sis\u00e4lt\u00f6j\u00e4 k\u00e4sitell\u00e4\u00e4n el\u00e4mystilassa, joka sisustetaan kirjojen maailmasta kumpuavien elementtien ymp\u00e4rille. N\u00e4yttelyss\u00e4 onkin tuotu kirja lukijan n\u00e4ht\u00e4v\u00e4ksi niin fyysisin\u00e4 n\u00e4yttelyesinein\u00e4 kuin kirjallisina kirjoitusteht\u00e4vin\u00e4. Kaikki n\u00e4yttelyn elementit perustuvat n\u00e4yttelykirjallisuuteen, joka kattaa niin kuvakirjoja, sarjakuvia, romaaneja, tietokirjoja kuin runojakin.\u00a0<\/span><\/p>\n<p><span style=\"font-weight: 400;\">Keski-Suomen sanataideyhdistys Rapina ry:n sanataideohjaajat ohjaavat n\u00e4yttelytilassa sanataidepajoja p\u00e4iv\u00e4koti- ja koululaisryhmille ja kaikille avoimia ty\u00f6pajoja, joissa sanataiteillaan yhdess\u00e4 ja tutustutaan n\u00e4yttelyyn ja n\u00e4yttelykirjallisuuteen. Jos et p\u00e4\u00e4se tutustumaan ryhm\u00e4si tai luokkasi kanssa n\u00e4yttelyyn, mutta haluaisitte silti seikkailemaan kirjamets\u00e4\u00e4n, voit tilata ty\u00f6pajan ilmaiseksi my\u00f6s p\u00e4iv\u00e4kodillesi tai koulullesi. Lue lis\u00e4\u00e4 ty\u00f6pajoista ja niiden <a href=\"https:\/\/sanataideyhdistysrapina.com\/kirjametsa\/varaa-tyopaja\/\">tilaamisesta<\/a>!<\/span><\/p>\n<p><span style=\"font-weight: 400;\">Lis\u00e4ksi n\u00e4yttelyst\u00e4 l\u00f6ytyy teht\u00e4v\u00e4polku, jonka avulla kirjaston k\u00e4vij\u00e4t voivat\u00a0 tutustua itsen\u00e4isesti mets\u00e4mytologiaan ja taikamets\u00e4aiheiseen kirjallisuuteen. Eri-ik\u00e4isille suunnatut teht\u00e4v\u00e4t on koodattu selke\u00e4sti. Teht\u00e4v\u00e4t ovat matalan kynnyksen harjoituksia, joihin alle kouluik\u00e4iset voivat tutustua helposti yhdess\u00e4 aikuisen kanssa, kouluik\u00e4iset ja sit\u00e4 vanhemmat itsen\u00e4isesti.<\/span><\/p>\n<p>Kirjamets\u00e4-n\u00e4yttely edist\u00e4\u00e4 lasten ja nuorten kirjallisuuskasvatusta ja tarjoaa uudenlaisia, innostavia tapoja sukeltaa sis\u00e4\u00e4n kirjojen maailmaan. Sanataideharjoitusten kautta osallistujat p\u00e4\u00e4sev\u00e4t etsim\u00e4\u00e4n omaa kertojan\u00e4\u00e4nt\u00e4\u00e4n taikamets\u00e4n maailmoissa. Kirjallisuuden teemoista kumpuavien teht\u00e4vien \u00e4\u00e4rell\u00e4 huomataan, ett\u00e4 itse kirjoitetut tekstit ja kirjoittaja asettuvat osaksi kansanperinteen ja kotimaisen kirjallisuuden jatkumoa.<\/p>\n<h3><span style=\"font-weight: 400; color: #000000;\"><img loading=\"lazy\" decoding=\"async\" class=\"alignleft size-medium wp-image-66\" src=\"https:\/\/sanataideyhdistysrapina.com\/kirjametsa\/wp-content\/uploads\/sites\/3\/2021\/03\/Kontio-valk.tausta-300x300.png\" alt=\"\" width=\"300\" height=\"300\" srcset=\"https:\/\/sanataideyhdistysrapina.com\/kirjametsa\/wp-content\/uploads\/sites\/3\/2021\/03\/Kontio-valk.tausta-300x300.png 300w, https:\/\/sanataideyhdistysrapina.com\/kirjametsa\/wp-content\/uploads\/sites\/3\/2021\/03\/Kontio-valk.tausta-1024x1024.png 1024w, https:\/\/sanataideyhdistysrapina.com\/kirjametsa\/wp-content\/uploads\/sites\/3\/2021\/03\/Kontio-valk.tausta-150x150.png 150w, https:\/\/sanataideyhdistysrapina.com\/kirjametsa\/wp-content\/uploads\/sites\/3\/2021\/03\/Kontio-valk.tausta-768x768.png 768w, https:\/\/sanataideyhdistysrapina.com\/kirjametsa\/wp-content\/uploads\/sites\/3\/2021\/03\/Kontio-valk.tausta-270x270.png 270w, https:\/\/sanataideyhdistysrapina.com\/kirjametsa\/wp-content\/uploads\/sites\/3\/2021\/03\/Kontio-valk.tausta-230x230.png 230w, https:\/\/sanataideyhdistysrapina.com\/kirjametsa\/wp-content\/uploads\/sites\/3\/2021\/03\/Kontio-valk.tausta.png 1400w\" sizes=\"auto, (max-width: 300px) 100vw, 300px\" \/><\/span><\/h3>\n<h2><span style=\"font-weight: 400; color: #000000;\">Kirjamets\u00e4-n\u00e4yttely sinun luoksesi?<\/span><\/h2>\n<p><span style=\"font-weight: 400;\"><strong>Projekti on ohi ja n\u00e4yttely ei valitettavasti ole en\u00e4\u00e4 tilattavissa.<\/strong> Haluatko tilata n\u00e4yttelyn oman paikkakuntasi kirjastoosi tai muuhun tilaan? N\u00e4yttely\u00e4 vuokrataan 1\u20134 kuukaudeksi kerrallaan. Hinta on kestosta riippumatta 1000 \u20ac (+ alv) ja sis\u00e4lt\u00e4\u00e4 n\u00e4yttelyn pystytyksen. Hinta ei sis\u00e4ll\u00e4 pystytt\u00e4j\u00e4n matkakuluja tai majoitusta, n\u00e4yttelyn vakuutusta tai kuljetuksia.\u00a0<\/span><\/p>\n<p><span style=\"font-weight: 400;\">N\u00e4yttely on suunniteltu erilaisiin tiloihin sopivaksi. Se voidaan pystytt\u00e4\u00e4 joko kirjastoon hyllyjen lomaan tai kokonaan erilliseen tilaan.\u00a0<\/span><\/p>\n<p><span style=\"font-weight: 400;\">Lis\u00e4tietoja ja n\u00e4yttelyn varaukset: sanataideyhdistys.rapina(at)gmail.com<\/span><\/p>\n","protected":false},"excerpt":{"rendered":"<p>N\u00e4yttely on tullut p\u00e4\u00e4t\u00f6kseens\u00e4. N\u00e4yttely kiersi Keski-Suomessa:\u00a0 Jyv\u00e4skyl\u00e4 31.5.2021\u201330.10.2021 Keuruu 8.11.2021\u20138.1.2022 Muurame 15.1.2022\u201330.4.2022 J\u00e4ms\u00e4 1.6.\u20138.9.2022 N\u00e4yttelyn taustoista Kirjamets\u00e4 on Keski-Suomen kirjastoissa kiert\u00e4v\u00e4 interaktiivinen, el\u00e4myksellinen ja monitaiteinen n\u00e4yttely, jonka teema on kotimaisen kirjallisuuden taianomaiset mets\u00e4t. N\u00e4yttely kurkistaa melkein 30 kotimaisen kirjan<\/p>\n","protected":false},"author":1,"featured_media":0,"parent":0,"menu_order":0,"comment_status":"closed","ping_status":"closed","template":"","meta":{"footnotes":""},"class_list":["post-12","page","type-page","status-publish","hentry"],"yoast_head":"<!-- This site is optimized with the Yoast SEO plugin v26.7 - https:\/\/yoast.com\/wordpress\/plugins\/seo\/ -->\n<title>N\u00e4yttelyinfo - Kirjamets\u00e4 \u2013 N\u00e4yttely kotimaisen kirjallisuuden taianomaisista metsist\u00e4<\/title>\n<meta name=\"robots\" content=\"index, follow, max-snippet:-1, max-image-preview:large, max-video-preview:-1\" \/>\n<link rel=\"canonical\" href=\"https:\/\/sanataideyhdistysrapina.com\/kirjametsa\/nayttelyinfo\/\" \/>\n<meta property=\"og:locale\" content=\"fi_FI\" \/>\n<meta property=\"og:type\" content=\"article\" \/>\n<meta property=\"og:title\" content=\"N\u00e4yttelyinfo - Kirjamets\u00e4 \u2013 N\u00e4yttely kotimaisen kirjallisuuden taianomaisista metsist\u00e4\" \/>\n<meta property=\"og:description\" content=\"N\u00e4yttely on tullut p\u00e4\u00e4t\u00f6kseens\u00e4. N\u00e4yttely kiersi Keski-Suomessa:\u00a0 Jyv\u00e4skyl\u00e4 31.5.2021\u201330.10.2021 Keuruu 8.11.2021\u20138.1.2022 Muurame 15.1.2022\u201330.4.2022 J\u00e4ms\u00e4 1.6.\u20138.9.2022 N\u00e4yttelyn taustoista Kirjamets\u00e4 on Keski-Suomen kirjastoissa kiert\u00e4v\u00e4 interaktiivinen, el\u00e4myksellinen ja monitaiteinen n\u00e4yttely, jonka teema on kotimaisen kirjallisuuden taianomaiset mets\u00e4t. N\u00e4yttely kurkistaa melkein 30 kotimaisen kirjan\" \/>\n<meta property=\"og:url\" content=\"https:\/\/sanataideyhdistysrapina.com\/kirjametsa\/nayttelyinfo\/\" \/>\n<meta property=\"og:site_name\" content=\"Kirjamets\u00e4 \u2013 N\u00e4yttely kotimaisen kirjallisuuden taianomaisista metsist\u00e4\" \/>\n<meta property=\"article:modified_time\" content=\"2023-01-17T19:14:15+00:00\" \/>\n<meta property=\"og:image\" content=\"https:\/\/sanataideyhdistysrapina.com\/kirjametsa\/wp-content\/uploads\/sites\/3\/2021\/03\/Kontio-valk.tausta-300x300.png\" \/>\n<meta name=\"twitter:card\" content=\"summary_large_image\" \/>\n<meta name=\"twitter:label1\" content=\"Arvioitu lukuaika\" \/>\n\t<meta name=\"twitter:data1\" content=\"2 minuuttia\" \/>\n<script type=\"application\/ld+json\" class=\"yoast-schema-graph\">{\"@context\":\"https:\/\/schema.org\",\"@graph\":[{\"@type\":\"WebPage\",\"@id\":\"https:\/\/sanataideyhdistysrapina.com\/kirjametsa\/nayttelyinfo\/\",\"url\":\"https:\/\/sanataideyhdistysrapina.com\/kirjametsa\/nayttelyinfo\/\",\"name\":\"N\u00e4yttelyinfo - Kirjamets\u00e4 \u2013 N\u00e4yttely kotimaisen kirjallisuuden taianomaisista metsist\u00e4\",\"isPartOf\":{\"@id\":\"https:\/\/sanataideyhdistysrapina.com\/kirjametsa\/#website\"},\"primaryImageOfPage\":{\"@id\":\"https:\/\/sanataideyhdistysrapina.com\/kirjametsa\/nayttelyinfo\/#primaryimage\"},\"image\":{\"@id\":\"https:\/\/sanataideyhdistysrapina.com\/kirjametsa\/nayttelyinfo\/#primaryimage\"},\"thumbnailUrl\":\"https:\/\/sanataideyhdistysrapina.com\/kirjametsa\/wp-content\/uploads\/sites\/3\/2021\/03\/Kontio-valk.tausta-300x300.png\",\"datePublished\":\"2021-02-06T20:54:01+00:00\",\"dateModified\":\"2023-01-17T19:14:15+00:00\",\"breadcrumb\":{\"@id\":\"https:\/\/sanataideyhdistysrapina.com\/kirjametsa\/nayttelyinfo\/#breadcrumb\"},\"inLanguage\":\"fi\",\"potentialAction\":[{\"@type\":\"ReadAction\",\"target\":[\"https:\/\/sanataideyhdistysrapina.com\/kirjametsa\/nayttelyinfo\/\"]}]},{\"@type\":\"ImageObject\",\"inLanguage\":\"fi\",\"@id\":\"https:\/\/sanataideyhdistysrapina.com\/kirjametsa\/nayttelyinfo\/#primaryimage\",\"url\":\"https:\/\/sanataideyhdistysrapina.com\/kirjametsa\/wp-content\/uploads\/sites\/3\/2021\/03\/Kontio-valk.tausta.png\",\"contentUrl\":\"https:\/\/sanataideyhdistysrapina.com\/kirjametsa\/wp-content\/uploads\/sites\/3\/2021\/03\/Kontio-valk.tausta.png\",\"width\":1400,\"height\":1400},{\"@type\":\"BreadcrumbList\",\"@id\":\"https:\/\/sanataideyhdistysrapina.com\/kirjametsa\/nayttelyinfo\/#breadcrumb\",\"itemListElement\":[{\"@type\":\"ListItem\",\"position\":1,\"name\":\"Etusivu\",\"item\":\"https:\/\/sanataideyhdistysrapina.com\/kirjametsa\/\"},{\"@type\":\"ListItem\",\"position\":2,\"name\":\"N\u00e4yttelyinfo\"}]},{\"@type\":\"WebSite\",\"@id\":\"https:\/\/sanataideyhdistysrapina.com\/kirjametsa\/#website\",\"url\":\"https:\/\/sanataideyhdistysrapina.com\/kirjametsa\/\",\"name\":\"Kirjamets\u00e4 \u2013 N\u00e4yttely kotimaisen kirjallisuuden taianomaisista metsist\u00e4\",\"description\":\"\",\"potentialAction\":[{\"@type\":\"SearchAction\",\"target\":{\"@type\":\"EntryPoint\",\"urlTemplate\":\"https:\/\/sanataideyhdistysrapina.com\/kirjametsa\/?s={search_term_string}\"},\"query-input\":{\"@type\":\"PropertyValueSpecification\",\"valueRequired\":true,\"valueName\":\"search_term_string\"}}],\"inLanguage\":\"fi\"}]}<\/script>\n<!-- \/ Yoast SEO plugin. -->","yoast_head_json":{"title":"N\u00e4yttelyinfo - Kirjamets\u00e4 \u2013 N\u00e4yttely kotimaisen kirjallisuuden taianomaisista metsist\u00e4","robots":{"index":"index","follow":"follow","max-snippet":"max-snippet:-1","max-image-preview":"max-image-preview:large","max-video-preview":"max-video-preview:-1"},"canonical":"https:\/\/sanataideyhdistysrapina.com\/kirjametsa\/nayttelyinfo\/","og_locale":"fi_FI","og_type":"article","og_title":"N\u00e4yttelyinfo - Kirjamets\u00e4 \u2013 N\u00e4yttely kotimaisen kirjallisuuden taianomaisista metsist\u00e4","og_description":"N\u00e4yttely on tullut p\u00e4\u00e4t\u00f6kseens\u00e4. N\u00e4yttely kiersi Keski-Suomessa:\u00a0 Jyv\u00e4skyl\u00e4 31.5.2021\u201330.10.2021 Keuruu 8.11.2021\u20138.1.2022 Muurame 15.1.2022\u201330.4.2022 J\u00e4ms\u00e4 1.6.\u20138.9.2022 N\u00e4yttelyn taustoista Kirjamets\u00e4 on Keski-Suomen kirjastoissa kiert\u00e4v\u00e4 interaktiivinen, el\u00e4myksellinen ja monitaiteinen n\u00e4yttely, jonka teema on kotimaisen kirjallisuuden taianomaiset mets\u00e4t. N\u00e4yttely kurkistaa melkein 30 kotimaisen kirjan","og_url":"https:\/\/sanataideyhdistysrapina.com\/kirjametsa\/nayttelyinfo\/","og_site_name":"Kirjamets\u00e4 \u2013 N\u00e4yttely kotimaisen kirjallisuuden taianomaisista metsist\u00e4","article_modified_time":"2023-01-17T19:14:15+00:00","og_image":[{"url":"https:\/\/sanataideyhdistysrapina.com\/kirjametsa\/wp-content\/uploads\/sites\/3\/2021\/03\/Kontio-valk.tausta-300x300.png","type":"","width":"","height":""}],"twitter_card":"summary_large_image","twitter_misc":{"Arvioitu lukuaika":"2 minuuttia"},"schema":{"@context":"https:\/\/schema.org","@graph":[{"@type":"WebPage","@id":"https:\/\/sanataideyhdistysrapina.com\/kirjametsa\/nayttelyinfo\/","url":"https:\/\/sanataideyhdistysrapina.com\/kirjametsa\/nayttelyinfo\/","name":"N\u00e4yttelyinfo - Kirjamets\u00e4 \u2013 N\u00e4yttely kotimaisen kirjallisuuden taianomaisista metsist\u00e4","isPartOf":{"@id":"https:\/\/sanataideyhdistysrapina.com\/kirjametsa\/#website"},"primaryImageOfPage":{"@id":"https:\/\/sanataideyhdistysrapina.com\/kirjametsa\/nayttelyinfo\/#primaryimage"},"image":{"@id":"https:\/\/sanataideyhdistysrapina.com\/kirjametsa\/nayttelyinfo\/#primaryimage"},"thumbnailUrl":"https:\/\/sanataideyhdistysrapina.com\/kirjametsa\/wp-content\/uploads\/sites\/3\/2021\/03\/Kontio-valk.tausta-300x300.png","datePublished":"2021-02-06T20:54:01+00:00","dateModified":"2023-01-17T19:14:15+00:00","breadcrumb":{"@id":"https:\/\/sanataideyhdistysrapina.com\/kirjametsa\/nayttelyinfo\/#breadcrumb"},"inLanguage":"fi","potentialAction":[{"@type":"ReadAction","target":["https:\/\/sanataideyhdistysrapina.com\/kirjametsa\/nayttelyinfo\/"]}]},{"@type":"ImageObject","inLanguage":"fi","@id":"https:\/\/sanataideyhdistysrapina.com\/kirjametsa\/nayttelyinfo\/#primaryimage","url":"https:\/\/sanataideyhdistysrapina.com\/kirjametsa\/wp-content\/uploads\/sites\/3\/2021\/03\/Kontio-valk.tausta.png","contentUrl":"https:\/\/sanataideyhdistysrapina.com\/kirjametsa\/wp-content\/uploads\/sites\/3\/2021\/03\/Kontio-valk.tausta.png","width":1400,"height":1400},{"@type":"BreadcrumbList","@id":"https:\/\/sanataideyhdistysrapina.com\/kirjametsa\/nayttelyinfo\/#breadcrumb","itemListElement":[{"@type":"ListItem","position":1,"name":"Etusivu","item":"https:\/\/sanataideyhdistysrapina.com\/kirjametsa\/"},{"@type":"ListItem","position":2,"name":"N\u00e4yttelyinfo"}]},{"@type":"WebSite","@id":"https:\/\/sanataideyhdistysrapina.com\/kirjametsa\/#website","url":"https:\/\/sanataideyhdistysrapina.com\/kirjametsa\/","name":"Kirjamets\u00e4 \u2013 N\u00e4yttely kotimaisen kirjallisuuden taianomaisista metsist\u00e4","description":"","potentialAction":[{"@type":"SearchAction","target":{"@type":"EntryPoint","urlTemplate":"https:\/\/sanataideyhdistysrapina.com\/kirjametsa\/?s={search_term_string}"},"query-input":{"@type":"PropertyValueSpecification","valueRequired":true,"valueName":"search_term_string"}}],"inLanguage":"fi"}]}},"_links":{"self":[{"href":"https:\/\/sanataideyhdistysrapina.com\/kirjametsa\/wp-json\/wp\/v2\/pages\/12","targetHints":{"allow":["GET"]}}],"collection":[{"href":"https:\/\/sanataideyhdistysrapina.com\/kirjametsa\/wp-json\/wp\/v2\/pages"}],"about":[{"href":"https:\/\/sanataideyhdistysrapina.com\/kirjametsa\/wp-json\/wp\/v2\/types\/page"}],"author":[{"embeddable":true,"href":"https:\/\/sanataideyhdistysrapina.com\/kirjametsa\/wp-json\/wp\/v2\/users\/1"}],"replies":[{"embeddable":true,"href":"https:\/\/sanataideyhdistysrapina.com\/kirjametsa\/wp-json\/wp\/v2\/comments?post=12"}],"version-history":[{"count":16,"href":"https:\/\/sanataideyhdistysrapina.com\/kirjametsa\/wp-json\/wp\/v2\/pages\/12\/revisions"}],"predecessor-version":[{"id":397,"href":"https:\/\/sanataideyhdistysrapina.com\/kirjametsa\/wp-json\/wp\/v2\/pages\/12\/revisions\/397"}],"wp:attachment":[{"href":"https:\/\/sanataideyhdistysrapina.com\/kirjametsa\/wp-json\/wp\/v2\/media?parent=12"}],"curies":[{"name":"wp","href":"https:\/\/api.w.org\/{rel}","templated":true}]}}